{"id":8850,"date":"2026-04-16T19:57:28","date_gmt":"2026-04-16T17:57:28","guid":{"rendered":"https:\/\/www.ffrum.at\/website\/wp1\/?page_id=8850"},"modified":"2026-04-16T22:10:36","modified_gmt":"2026-04-16T20:10:36","slug":"pfandbonspenden-bei-spar","status":"publish","type":"page","link":"https:\/\/www.ffrum.at\/website\/wp1\/pfandbonspenden-bei-spar\/","title":{"rendered":"Pfandbonspenden bei Spar"},"content":{"rendered":"\t\t<div data-elementor-type=\"wp-page\" data-elementor-id=\"8850\" class=\"elementor elementor-8850\">\n\t\t\t\t\t\t<section class=\"elementor-section elementor-top-section elementor-element elementor-element-31c91ca elementor-section-boxed elementor-section-height-default elementor-section-height-default\" data-id=\"31c91ca\" data-element_type=\"section\" data-e-type=\"section\">\n\t\t\t\t\t\t<div class=\"elementor-container elementor-column-gap-default\">\n\t\t\t\t\t<div class=\"elementor-column elementor-col-100 elementor-top-column elementor-element elementor-element-90d8bed\" data-id=\"90d8bed\" data-element_type=\"column\" data-e-type=\"column\">\n\t\t\t<div class=\"elementor-widget-wrap elementor-element-populated\">\n\t\t\t\t\t\t<div class=\"elementor-element elementor-element-fc9ff91 elementor-widget elementor-widget-text-editor\" data-id=\"fc9ff91\" data-element_type=\"widget\" data-e-type=\"widget\" data-widget_type=\"text-editor.default\">\n\t\t\t\t<div class=\"elementor-widget-container\">\n\t\t\t\t\t\t\t\t\t<p><strong>Pfandbonspenden bei SPAR<\/strong>\u00a0<strong>gehen 2026 an \u00d6sterreichs Feuerwehren<\/strong>!<\/p><p><strong>Alle Pfandbonspenden<\/strong> bei <strong>INTERSPAR Rum<\/strong>\u00a0gehen an die\u00a0<strong>Feuerwehr Rum!<\/strong><\/p><p>Ein kleiner Knopfdruck mit gro\u00dfer Wirkung: Kundinnen und Kunden k\u00f6nnen 2026 bei SPAR<br \/>ihre Pfandgutschriften am Leergutautomaten f\u00fcr die \u00f6sterreichischen Freiwilligen<br \/>Feuerwehren zur Unterst\u00fctzung ihrer wichtigen T\u00e4tigkeit spenden. Wir haben f\u00fcr Sie die<br \/>wichtigsten Informationen zur Pfandbonspende zusammengefasst.<\/p>\t\t\t\t\t\t\t\t<\/div>\n\t\t\t\t<\/div>\n\t\t\t\t\t<\/div>\n\t\t<\/div>\n\t\t\t\t\t<\/div>\n\t\t<\/section>\n\t\t\t\t<section class=\"elementor-section elementor-top-section elementor-element elementor-element-b64c721 elementor-section-boxed elementor-section-height-default elementor-section-height-default\" data-id=\"b64c721\" data-element_type=\"section\" data-e-type=\"section\">\n\t\t\t\t\t\t<div class=\"elementor-container elementor-column-gap-default\">\n\t\t\t\t\t<div class=\"elementor-column elementor-col-100 elementor-top-column elementor-element elementor-element-2ae5c38\" data-id=\"2ae5c38\" data-element_type=\"column\" data-e-type=\"column\">\n\t\t\t<div class=\"elementor-widget-wrap elementor-element-populated\">\n\t\t\t\t\t\t<div class=\"elementor-element elementor-element-59b81b5 elementor-widget elementor-widget-heading\" data-id=\"59b81b5\" data-element_type=\"widget\" data-e-type=\"widget\" data-widget_type=\"heading.default\">\n\t\t\t\t<div class=\"elementor-widget-container\">\n\t\t\t\t\t<h2 class=\"elementor-heading-title elementor-size-default\">Wie wird gespendet?<\/h2>\t\t\t\t<\/div>\n\t\t\t\t<\/div>\n\t\t\t\t<section class=\"elementor-section elementor-inner-section elementor-element elementor-element-6969515 elementor-section-boxed elementor-section-height-default elementor-section-height-default\" data-id=\"6969515\" data-element_type=\"section\" data-e-type=\"section\">\n\t\t\t\t\t\t<div class=\"elementor-container elementor-column-gap-default\">\n\t\t\t\t\t<div class=\"elementor-column elementor-col-50 elementor-inner-column elementor-element elementor-element-e67e9d8\" data-id=\"e67e9d8\" data-element_type=\"column\" data-e-type=\"column\">\n\t\t\t<div class=\"elementor-widget-wrap elementor-element-populated\">\n\t\t\t\t\t\t<div class=\"elementor-element elementor-element-8da7293 elementor-widget elementor-widget-image\" data-id=\"8da7293\" data-element_type=\"widget\" data-e-type=\"widget\" data-widget_type=\"image.default\">\n\t\t\t\t<div class=\"elementor-widget-container\">\n\t\t\t\t\t\t\t\t\t\t\t\t\t\t\t<img loading=\"lazy\" width=\"640\" height=\"358\" src=\"https:\/\/www.ffrum.at\/website\/wp1\/wp-content\/uploads\/2026\/04\/Flyer-Pfandbonspenden-Spar-1-1024x572.png\" class=\"attachment-large size-large wp-image-8853\" alt=\"Flyer Pfandbonspenden Spar 1\" srcset=\"https:\/\/www.ffrum.at\/website\/wp1\/wp-content\/uploads\/2026\/04\/Flyer-Pfandbonspenden-Spar-1-1024x572.png 1024w, https:\/\/www.ffrum.at\/website\/wp1\/wp-content\/uploads\/2026\/04\/Flyer-Pfandbonspenden-Spar-1-300x168.png 300w, https:\/\/www.ffrum.at\/website\/wp1\/wp-content\/uploads\/2026\/04\/Flyer-Pfandbonspenden-Spar-1-768x429.png 768w, https:\/\/www.ffrum.at\/website\/wp1\/wp-content\/uploads\/2026\/04\/Flyer-Pfandbonspenden-Spar-1.png 1220w\" sizes=\"auto, (max-width: 640px) 100vw, 640px\" loading=\"lazy\" decoding=\"async\" \/>\t\t\t\t\t\t\t\t\t\t\t\t\t\t\t<\/div>\n\t\t\t\t<\/div>\n\t\t\t\t\t<\/div>\n\t\t<\/div>\n\t\t\t\t<div class=\"elementor-column elementor-col-50 elementor-inner-column elementor-element elementor-element-f6f1f4e\" data-id=\"f6f1f4e\" data-element_type=\"column\" data-e-type=\"column\">\n\t\t\t<div class=\"elementor-widget-wrap elementor-element-populated\">\n\t\t\t\t\t\t<div class=\"elementor-element elementor-element-415757c elementor-widget elementor-widget-text-editor\" data-id=\"415757c\" data-element_type=\"widget\" data-e-type=\"widget\" data-widget_type=\"text-editor.default\">\n\t\t\t\t<div class=\"elementor-widget-container\">\n\t\t\t\t\t\t\t\t\t<p>Die Spende erfolgt einfach und direkt am Leergutautomaten. Bereits vor dem Einwurf wird am Bildschirm durch Bild und Text auf die M\u00f6glichkeit der Pfand-Spende an die \u00f6sterreichischen Feuerwehren hingewiesen. Nach Eingabe der Flaschen und Dosen w\u00e4hlen Kund:innen den Button \u201eSpenden\u201c aus. Sie erhalten eine Best\u00e4tigung der Spende anstatt eines Leergutbons.<\/p>\t\t\t\t\t\t\t\t<\/div>\n\t\t\t\t<\/div>\n\t\t\t\t\t<\/div>\n\t\t<\/div>\n\t\t\t\t\t<\/div>\n\t\t<\/section>\n\t\t\t\t\t<\/div>\n\t\t<\/div>\n\t\t\t\t\t<\/div>\n\t\t<\/section>\n\t\t\t\t<section class=\"elementor-section elementor-top-section elementor-element elementor-element-0344ad6 elementor-section-boxed elementor-section-height-default elementor-section-height-default\" data-id=\"0344ad6\" data-element_type=\"section\" data-e-type=\"section\">\n\t\t\t\t\t\t<div class=\"elementor-container elementor-column-gap-default\">\n\t\t\t\t\t<div class=\"elementor-column elementor-col-100 elementor-top-column elementor-element elementor-element-88fa430\" data-id=\"88fa430\" data-element_type=\"column\" data-e-type=\"column\">\n\t\t\t<div class=\"elementor-widget-wrap elementor-element-populated\">\n\t\t\t\t\t\t<div class=\"elementor-element elementor-element-34741cf elementor-widget elementor-widget-heading\" data-id=\"34741cf\" data-element_type=\"widget\" data-e-type=\"widget\" data-widget_type=\"heading.default\">\n\t\t\t\t<div class=\"elementor-widget-container\">\n\t\t\t\t\t<h2 class=\"elementor-heading-title elementor-size-default\">Welche Feuerwehr erh\u00e4lt die Spenden?<\/h2>\t\t\t\t<\/div>\n\t\t\t\t<\/div>\n\t\t\t\t<div class=\"elementor-element elementor-element-e77d787 elementor-widget elementor-widget-text-editor\" data-id=\"e77d787\" data-element_type=\"widget\" data-e-type=\"widget\" data-widget_type=\"text-editor.default\">\n\t\t\t\t<div class=\"elementor-widget-container\">\n\t\t\t\t\t\t\t\t\t<p>Ein besonderes Anliegen ist SPAR dabei der starke regionale Bezug. Die Pfandbonspenden gehen 2026 direkt an <strong>jene Feuerwehr, die f\u00fcr den jeweiligen SPAR-Markt im Notfall verantwortlich <\/strong>ist\u00a0<strong>(eigener Einsatzbereich, Schutzbereich, Pflichtbereich,\u2026).<\/strong> Somit gehen alle Pfandbonspenden beim INTERSPAR Rum an die <strong>Feuerwehr Rum<\/strong>!<\/p><p><strong>Quelle Textauszug und Bilder:\u00a0<\/strong>Informationsblatt SPAR \u00d6sterreichische Warenhandels \u2013 AG und \u00d6sterreichischer Bundesfeuerwehrverband<\/p>\t\t\t\t\t\t\t\t<\/div>\n\t\t\t\t<\/div>\n\t\t\t\t<section class=\"elementor-section elementor-inner-section elementor-element elementor-element-07c3d53 elementor-section-boxed elementor-section-height-default elementor-section-height-default\" data-id=\"07c3d53\" data-element_type=\"section\" data-e-type=\"section\">\n\t\t\t\t\t\t<div class=\"elementor-container elementor-column-gap-default\">\n\t\t\t\t\t<div class=\"elementor-column elementor-col-50 elementor-inner-column elementor-element elementor-element-39dc32d\" data-id=\"39dc32d\" data-element_type=\"column\" data-e-type=\"column\">\n\t\t\t<div class=\"elementor-widget-wrap elementor-element-populated\">\n\t\t\t\t\t\t<div class=\"elementor-element elementor-element-41ab5b7 elementor-widget elementor-widget-wp-widget-media_video\" data-id=\"41ab5b7\" data-element_type=\"widget\" data-e-type=\"widget\" data-widget_type=\"wp-widget-media_video.default\">\n\t\t\t\t<div class=\"elementor-widget-container\">\n\t\t\t\t\t<div style=\"width:100%;\" class=\"wp-video\"><video class=\"wp-video-shortcode\" id=\"video-8850-1\" preload=\"metadata\" controls=\"controls\"><source type=\"video\/mp4\" src=\"https:\/\/www.ffrum.at\/website\/wp1\/wp-content\/uploads\/2026\/04\/Video-Pfandbonspenden-Spar.mp4?_=1\" \/><source type=\"video\/mp4\" src=\"https:\/\/www.ffrum.at\/website\/wp1\/wp-content\/uploads\/2026\/04\/Video-Pfandbonspenden-Spar.mp4?_=1\" \/><a href=\"https:\/\/www.ffrum.at\/website\/wp1\/wp-content\/uploads\/2026\/04\/Video-Pfandbonspenden-Spar.mp4\">https:\/\/www.ffrum.at\/website\/wp1\/wp-content\/uploads\/2026\/04\/Video-Pfandbonspenden-Spar.mp4<\/a><\/video><\/div>\t\t\t\t<\/div>\n\t\t\t\t<\/div>\n\t\t\t\t\t<\/div>\n\t\t<\/div>\n\t\t\t\t<div class=\"elementor-column elementor-col-50 elementor-inner-column elementor-element elementor-element-d7e7d10\" data-id=\"d7e7d10\" data-element_type=\"column\" data-e-type=\"column\">\n\t\t\t<div class=\"elementor-widget-wrap elementor-element-populated\">\n\t\t\t\t\t\t<div class=\"elementor-element elementor-element-b24ffc1 elementor-widget elementor-widget-image\" data-id=\"b24ffc1\" data-element_type=\"widget\" data-e-type=\"widget\" data-widget_type=\"image.default\">\n\t\t\t\t<div class=\"elementor-widget-container\">\n\t\t\t\t\t\t\t\t\t\t\t\t\t\t\t<img loading=\"lazy\" width=\"913\" height=\"1280\" src=\"https:\/\/www.ffrum.at\/website\/wp1\/wp-content\/uploads\/2026\/04\/Flyer-Pfandbonspenden-Spar-2.jpg\" class=\"attachment-full size-full wp-image-8869\" alt=\"Flyer Pfandbonspenden Spar 2\" srcset=\"https:\/\/www.ffrum.at\/website\/wp1\/wp-content\/uploads\/2026\/04\/Flyer-Pfandbonspenden-Spar-2.jpg 913w, https:\/\/www.ffrum.at\/website\/wp1\/wp-content\/uploads\/2026\/04\/Flyer-Pfandbonspenden-Spar-2-214x300.jpg 214w, https:\/\/www.ffrum.at\/website\/wp1\/wp-content\/uploads\/2026\/04\/Flyer-Pfandbonspenden-Spar-2-730x1024.jpg 730w, https:\/\/www.ffrum.at\/website\/wp1\/wp-content\/uploads\/2026\/04\/Flyer-Pfandbonspenden-Spar-2-768x1077.jpg 768w\" sizes=\"auto, (max-width: 913px) 100vw, 913px\" loading=\"lazy\" decoding=\"async\" \/>\t\t\t\t\t\t\t\t\t\t\t\t\t\t\t<\/div>\n\t\t\t\t<\/div>\n\t\t\t\t\t<\/div>\n\t\t<\/div>\n\t\t\t\t\t<\/div>\n\t\t<\/section>\n\t\t\t\t\t<\/div>\n\t\t<\/div>\n\t\t\t\t\t<\/div>\n\t\t<\/section>\n\t\t\t\t<\/div>\n\t\t","protected":false},"excerpt":{"rendered":"<p>Pfandbonspenden bei SPAR\u00a0gehen 2026 an \u00d6sterreichs Feuerwehren! Alle Pfandbonspenden bei INTERSPAR Rum\u00a0gehen an die\u00a0Feuerwehr Rum!&#8230;<\/p>\n","protected":false},"author":11,"featured_media":0,"parent":0,"menu_order":0,"comment_status":"closed","ping_status":"closed","template":"","meta":{"footnotes":""},"class_list":["post-8850","page","type-page","status-publish","hentry"],"_links":{"self":[{"href":"https:\/\/www.ffrum.at\/website\/wp1\/wp-json\/wp\/v2\/pages\/8850","targetHints":{"allow":["GET"]}}],"collection":[{"href":"https:\/\/www.ffrum.at\/website\/wp1\/wp-json\/wp\/v2\/pages"}],"about":[{"href":"https:\/\/www.ffrum.at\/website\/wp1\/wp-json\/wp\/v2\/types\/page"}],"author":[{"embeddable":true,"href":"https:\/\/www.ffrum.at\/website\/wp1\/wp-json\/wp\/v2\/users\/11"}],"replies":[{"embeddable":true,"href":"https:\/\/www.ffrum.at\/website\/wp1\/wp-json\/wp\/v2\/comments?post=8850"}],"version-history":[{"count":18,"href":"https:\/\/www.ffrum.at\/website\/wp1\/wp-json\/wp\/v2\/pages\/8850\/revisions"}],"predecessor-version":[{"id":8884,"href":"https:\/\/www.ffrum.at\/website\/wp1\/wp-json\/wp\/v2\/pages\/8850\/revisions\/8884"}],"wp:attachment":[{"href":"https:\/\/www.ffrum.at\/website\/wp1\/wp-json\/wp\/v2\/media?parent=8850"}],"curies":[{"name":"wp","href":"https:\/\/api.w.org\/{rel}","templated":true}]}}