{"id":6584,"date":"2024-08-08T21:04:35","date_gmt":"2024-08-08T19:04:35","guid":{"rendered":"https:\/\/www.ffrum.at\/website\/wp1\/?page_id=6584"},"modified":"2024-08-24T10:25:31","modified_gmt":"2024-08-24T08:25:31","slug":"technische-einsaetze","status":"publish","type":"page","link":"https:\/\/www.ffrum.at\/website\/wp1\/technische-einsaetze\/","title":{"rendered":"Technische Eins\u00e4tze"},"content":{"rendered":"\t\t<div data-elementor-type=\"wp-page\" data-elementor-id=\"6584\" class=\"elementor elementor-6584\">\n\t\t\t\t\t\t<section class=\"elementor-section elementor-top-section elementor-element elementor-element-f3ade2c elementor-section-boxed elementor-section-height-default elementor-section-height-default\" data-id=\"f3ade2c\" data-element_type=\"section\" data-e-type=\"section\">\n\t\t\t\t\t\t<div class=\"elementor-container elementor-column-gap-default\">\n\t\t\t\t\t<div class=\"elementor-column elementor-col-50 elementor-top-column elementor-element elementor-element-3454bf6\" data-id=\"3454bf6\" data-element_type=\"column\" data-e-type=\"column\">\n\t\t\t<div class=\"elementor-widget-wrap elementor-element-populated\">\n\t\t\t\t\t\t<div class=\"elementor-element elementor-element-18ddc6e elementor-widget__width-initial elementor-arrows-position-inside elementor-pagination-position-outside elementor-widget elementor-widget-image-carousel\" data-id=\"18ddc6e\" data-element_type=\"widget\" data-e-type=\"widget\" data-settings=\"{&quot;slides_to_show&quot;:&quot;1&quot;,&quot;navigation&quot;:&quot;both&quot;,&quot;autoplay&quot;:&quot;yes&quot;,&quot;pause_on_hover&quot;:&quot;yes&quot;,&quot;pause_on_interaction&quot;:&quot;yes&quot;,&quot;autoplay_speed&quot;:5000,&quot;infinite&quot;:&quot;yes&quot;,&quot;effect&quot;:&quot;slide&quot;,&quot;speed&quot;:500}\" data-widget_type=\"image-carousel.default\">\n\t\t\t\t<div class=\"elementor-widget-container\">\n\t\t\t\t\t\t\t<div class=\"elementor-image-carousel-wrapper swiper\" role=\"region\" aria-roledescription=\"carousel\" aria-label=\"Bild Karussell\" dir=\"ltr\">\n\t\t\t<div class=\"elementor-image-carousel swiper-wrapper\" aria-live=\"off\">\n\t\t\t\t\t\t\t\t<div class=\"swiper-slide\" role=\"group\" aria-roledescription=\"slide\" aria-label=\"1 von 11\"><figure class=\"swiper-slide-inner\"><img decoding=\"async\" class=\"swiper-slide-image\" src=\"https:\/\/www.ffrum.at\/website\/wp1\/wp-content\/uploads\/2024\/08\/Person-eingeschlossen-2024-.jpg\" alt=\"Person eingeschlossen 2023\" \/><figcaption class=\"elementor-image-carousel-caption\">Person eingeschlossen 2023<\/figcaption><\/figure><\/div><div class=\"swiper-slide\" role=\"group\" aria-roledescription=\"slide\" aria-label=\"2 von 11\"><figure class=\"swiper-slide-inner\"><img decoding=\"async\" class=\"swiper-slide-image\" src=\"https:\/\/www.ffrum.at\/website\/wp1\/wp-content\/uploads\/2024\/08\/Verkehrsunfall-2024.jpg\" alt=\"Verkehrsunfall 2024\" \/><figcaption class=\"elementor-image-carousel-caption\">Verkehrsunfall 2024<\/figcaption><\/figure><\/div><div class=\"swiper-slide\" role=\"group\" aria-roledescription=\"slide\" aria-label=\"3 von 11\"><figure class=\"swiper-slide-inner\"><img decoding=\"async\" class=\"swiper-slide-image\" src=\"https:\/\/www.ffrum.at\/website\/wp1\/wp-content\/uploads\/2024\/08\/Sicherungsarbeiten-2024.jpg\" alt=\"Sicherungsarbeiten 2024\" \/><figcaption class=\"elementor-image-carousel-caption\">Sicherungsarbeiten 2024<\/figcaption><\/figure><\/div><div class=\"swiper-slide\" role=\"group\" aria-roledescription=\"slide\" aria-label=\"4 von 11\"><figure class=\"swiper-slide-inner\"><img decoding=\"async\" class=\"swiper-slide-image\" src=\"https:\/\/www.ffrum.at\/website\/wp1\/wp-content\/uploads\/2024\/08\/Unwetter-Aufraeumarbeiten-2024.jpg\" alt=\"Unwetter Aufr\u00e4umarbeiten 2024\" \/><figcaption class=\"elementor-image-carousel-caption\">Unwetter Aufr\u00e4umarbeiten 2024<\/figcaption><\/figure><\/div><div class=\"swiper-slide\" role=\"group\" aria-roledescription=\"slide\" aria-label=\"5 von 11\"><figure class=\"swiper-slide-inner\"><img decoding=\"async\" class=\"swiper-slide-image\" src=\"https:\/\/www.ffrum.at\/website\/wp1\/wp-content\/uploads\/2024\/08\/THL-Tage-2023.jpg\" alt=\"THL Tage 2023\" \/><figcaption class=\"elementor-image-carousel-caption\">THL Tage 2023<\/figcaption><\/figure><\/div><div class=\"swiper-slide\" role=\"group\" aria-roledescription=\"slide\" aria-label=\"6 von 11\"><figure class=\"swiper-slide-inner\"><img decoding=\"async\" class=\"swiper-slide-image\" src=\"https:\/\/www.ffrum.at\/website\/wp1\/wp-content\/uploads\/2024\/08\/THL-Tage-2023-2.jpg\" alt=\"THL Tage 2023\" \/><figcaption class=\"elementor-image-carousel-caption\">THL Tage 2023<\/figcaption><\/figure><\/div><div class=\"swiper-slide\" role=\"group\" aria-roledescription=\"slide\" aria-label=\"7 von 11\"><figure class=\"swiper-slide-inner\"><img decoding=\"async\" class=\"swiper-slide-image\" src=\"https:\/\/www.ffrum.at\/website\/wp1\/wp-content\/uploads\/2024\/08\/San-Probe-2023-scaled.jpg\" alt=\"SAN Probe 2023\" \/><figcaption class=\"elementor-image-carousel-caption\">SAN Probe 2023<\/figcaption><\/figure><\/div><div class=\"swiper-slide\" role=\"group\" aria-roledescription=\"slide\" aria-label=\"8 von 11\"><figure class=\"swiper-slide-inner\"><img decoding=\"async\" class=\"swiper-slide-image\" src=\"https:\/\/www.ffrum.at\/website\/wp1\/wp-content\/uploads\/2024\/08\/Oelspur-2023-scaled.jpg\" alt=\"\u00d6lspur 2023\" \/><figcaption class=\"elementor-image-carousel-caption\">\u00d6lspur 2023<\/figcaption><\/figure><\/div><div class=\"swiper-slide\" role=\"group\" aria-roledescription=\"slide\" aria-label=\"9 von 11\"><figure class=\"swiper-slide-inner\"><img decoding=\"async\" class=\"swiper-slide-image\" src=\"https:\/\/www.ffrum.at\/website\/wp1\/wp-content\/uploads\/2024\/08\/San_Probe_2023_2-scaled.jpg\" alt=\"SAN Probe 2023\" \/><figcaption class=\"elementor-image-carousel-caption\">SAN Probe 2023<\/figcaption><\/figure><\/div><div class=\"swiper-slide\" role=\"group\" aria-roledescription=\"slide\" aria-label=\"10 von 11\"><figure class=\"swiper-slide-inner\"><img decoding=\"async\" class=\"swiper-slide-image\" src=\"https:\/\/www.ffrum.at\/website\/wp1\/wp-content\/uploads\/2024\/08\/San_Probe_2023-scaled.jpg\" alt=\"SAN Probe 2023\" \/><figcaption class=\"elementor-image-carousel-caption\">SAN Probe 2023<\/figcaption><\/figure><\/div><div class=\"swiper-slide\" role=\"group\" aria-roledescription=\"slide\" aria-label=\"11 von 11\"><figure class=\"swiper-slide-inner\"><img decoding=\"async\" class=\"swiper-slide-image\" src=\"https:\/\/www.ffrum.at\/website\/wp1\/wp-content\/uploads\/2024\/08\/Verkehrsunfall_2024-scaled.jpg\" alt=\"Verkehrsunfall 2024\" \/><figcaption class=\"elementor-image-carousel-caption\">Verkehrsunfall 2024<\/figcaption><\/figure><\/div>\t\t\t<\/div>\n\t\t\t\t\t\t\t\t\t\t\t\t<div class=\"elementor-swiper-button elementor-swiper-button-prev\" role=\"button\" tabindex=\"0\">\n\t\t\t\t\t\t<i aria-hidden=\"true\" class=\"eicon-chevron-left\"><\/i>\t\t\t\t\t<\/div>\n\t\t\t\t\t<div class=\"elementor-swiper-button elementor-swiper-button-next\" role=\"button\" tabindex=\"0\">\n\t\t\t\t\t\t<i aria-hidden=\"true\" class=\"eicon-chevron-right\"><\/i>\t\t\t\t\t<\/div>\n\t\t\t\t\n\t\t\t\t\t\t\t\t\t<div class=\"swiper-pagination\"><\/div>\n\t\t\t\t\t\t\t\t\t<\/div>\n\t\t\t\t\t\t<\/div>\n\t\t\t\t<\/div>\n\t\t\t\t\t<\/div>\n\t\t<\/div>\n\t\t\t\t<div class=\"elementor-column elementor-col-50 elementor-top-column elementor-element elementor-element-5b2dd8e\" data-id=\"5b2dd8e\" data-element_type=\"column\" data-e-type=\"column\">\n\t\t\t<div class=\"elementor-widget-wrap elementor-element-populated\">\n\t\t\t\t\t\t<div class=\"elementor-element elementor-element-e1b26fe elementor-widget elementor-widget-text-editor\" data-id=\"e1b26fe\" data-element_type=\"widget\" data-e-type=\"widget\" data-widget_type=\"text-editor.default\">\n\t\t\t\t<div class=\"elementor-widget-container\">\n\t\t\t\t\t\t\t\t\t<p>Technische Eins\u00e4tze sind ein wesentlicher Bestandteil der Arbeit der Freiwilligen Feuerwehr Rum. In verschiedenen Notlagen ist technisches Know-how und schnelles Handeln gefragt. Hier m\u00f6chten wir dir einen Einblick geben, welche Aufgaben wir bei technischen Eins\u00e4tzen \u00fcbernehmen und welche F\u00e4higkeiten dabei erforderlich sind.<\/p><p>Unsere Eins\u00e4tze umfassen eine Vielzahl von Szenarien, darunter Verkehrsunf\u00e4lle, Hochwasser, \u00dcberschwemmungen und die Rettung von Menschen in Notlagen, wie beispielsweise T\u00fcr\u00f6ffnungen. Jeder dieser Eins\u00e4tze erfordert spezielle F\u00e4higkeiten und Ausr\u00fcstungen, um schnelle und effektive Hilfe leisten zu k\u00f6nnen.<\/p><p>Bei Verkehrsunf\u00e4llen sind wir oft die ersten vor Ort, um Verletzte zu bergen, Fahrzeuge zu sichern und Gefahrenquellen zu beseitigen. Hierbei kommen verschiedene Rettungsger\u00e4te wie hydraulische Schneid- und Spreizwerkzeuge zum Einsatz.<\/p><p>Hochwasser und \u00dcberschwemmungen stellen eine weitere Herausforderung dar. Unsere Aufgabe ist es, Menschen aus gef\u00e4hrdeten Gebieten zu evakuieren, Wasser abzupumpen und Sachwerte zu sch\u00fctzen. Dies erfordert den Einsatz von Pumpen, Schlauchmaterial und spezifischen Schutzanz\u00fcgen.<\/p><p>Die Rettung von Menschen in Notlagen umfasst auch Eins\u00e4tze wie T\u00fcr\u00f6ffnungen und Rettungen aus H\u00f6hen und Tiefen. Wir verf\u00fcgen \u00fcber spezielle Ausr\u00fcstungen und sind intensiv geschult, um in diesen Situationen sicher und effektiv zu agieren. Kontinuierliche Ausbildung und Weiterentwicklung unserer Techniken und Ausr\u00fcstung sind unerl\u00e4sslich, um in solchen Eins\u00e4tzen erfolgreich zu sein und Menschenleben zu retten.<\/p>\t\t\t\t\t\t\t\t<\/div>\n\t\t\t\t<\/div>\n\t\t\t\t\t<\/div>\n\t\t<\/div>\n\t\t\t\t\t<\/div>\n\t\t<\/section>\n\t\t\t\t<\/div>\n\t\t","protected":false},"excerpt":{"rendered":"<p>Person eingeschlossen 2023 Verkehrsunfall 2024 Sicherungsarbeiten 2024 Unwetter Aufr\u00e4umarbeiten 2024 THL Tage 2023 THL Tage&#8230;<\/p>\n","protected":false},"author":11,"featured_media":0,"parent":0,"menu_order":0,"comment_status":"closed","ping_status":"closed","template":"","meta":{"footnotes":""},"class_list":["post-6584","page","type-page","status-publish","hentry"],"_links":{"self":[{"href":"https:\/\/www.ffrum.at\/website\/wp1\/wp-json\/wp\/v2\/pages\/6584","targetHints":{"allow":["GET"]}}],"collection":[{"href":"https:\/\/www.ffrum.at\/website\/wp1\/wp-json\/wp\/v2\/pages"}],"about":[{"href":"https:\/\/www.ffrum.at\/website\/wp1\/wp-json\/wp\/v2\/types\/page"}],"author":[{"embeddable":true,"href":"https:\/\/www.ffrum.at\/website\/wp1\/wp-json\/wp\/v2\/users\/11"}],"replies":[{"embeddable":true,"href":"https:\/\/www.ffrum.at\/website\/wp1\/wp-json\/wp\/v2\/comments?post=6584"}],"version-history":[{"count":16,"href":"https:\/\/www.ffrum.at\/website\/wp1\/wp-json\/wp\/v2\/pages\/6584\/revisions"}],"predecessor-version":[{"id":6764,"href":"https:\/\/www.ffrum.at\/website\/wp1\/wp-json\/wp\/v2\/pages\/6584\/revisions\/6764"}],"wp:attachment":[{"href":"https:\/\/www.ffrum.at\/website\/wp1\/wp-json\/wp\/v2\/media?parent=6584"}],"curies":[{"name":"wp","href":"https:\/\/api.w.org\/{rel}","templated":true}]}}