{"id":6571,"date":"2024-08-08T20:59:26","date_gmt":"2024-08-08T18:59:26","guid":{"rendered":"https:\/\/www.ffrum.at\/website\/wp1\/?page_id=6571"},"modified":"2024-08-09T17:43:01","modified_gmt":"2024-08-09T15:43:01","slug":"brandeinsaetze","status":"publish","type":"page","link":"https:\/\/www.ffrum.at\/website\/wp1\/brandeinsaetze\/","title":{"rendered":"Brandeins\u00e4tze"},"content":{"rendered":"\t\t<div data-elementor-type=\"wp-page\" data-elementor-id=\"6571\" class=\"elementor elementor-6571\">\n\t\t\t\t\t\t<section class=\"elementor-section elementor-top-section elementor-element elementor-element-d8edc62 elementor-section-boxed elementor-section-height-default elementor-section-height-default\" data-id=\"d8edc62\" data-element_type=\"section\" data-e-type=\"section\">\n\t\t\t\t\t\t<div class=\"elementor-container elementor-column-gap-default\">\n\t\t\t\t\t<div class=\"elementor-column elementor-col-100 elementor-top-column elementor-element elementor-element-7905be3\" data-id=\"7905be3\" data-element_type=\"column\" data-e-type=\"column\">\n\t\t\t<div class=\"elementor-widget-wrap\">\n\t\t\t\t\t\t\t<\/div>\n\t\t<\/div>\n\t\t\t\t\t<\/div>\n\t\t<\/section>\n\t\t\t\t<section class=\"elementor-section elementor-top-section elementor-element elementor-element-9d8205e elementor-section-boxed elementor-section-height-default elementor-section-height-default\" data-id=\"9d8205e\" data-element_type=\"section\" data-e-type=\"section\">\n\t\t\t\t\t\t<div class=\"elementor-container elementor-column-gap-default\">\n\t\t\t\t\t<div class=\"elementor-column elementor-col-50 elementor-top-column elementor-element elementor-element-3b17a36\" data-id=\"3b17a36\" data-element_type=\"column\" data-e-type=\"column\">\n\t\t\t<div class=\"elementor-widget-wrap elementor-element-populated\">\n\t\t\t\t\t\t<div class=\"elementor-element elementor-element-9bc53c4 e-transform elementor-arrows-position-inside elementor-pagination-position-outside elementor-widget elementor-widget-image-carousel\" data-id=\"9bc53c4\" data-element_type=\"widget\" data-e-type=\"widget\" data-settings=\"{&quot;slides_to_show&quot;:&quot;1&quot;,&quot;navigation&quot;:&quot;both&quot;,&quot;autoplay&quot;:&quot;yes&quot;,&quot;pause_on_hover&quot;:&quot;yes&quot;,&quot;pause_on_interaction&quot;:&quot;yes&quot;,&quot;autoplay_speed&quot;:5000,&quot;infinite&quot;:&quot;yes&quot;,&quot;effect&quot;:&quot;slide&quot;,&quot;speed&quot;:500,&quot;_transform_translateX_effect&quot;:{&quot;unit&quot;:&quot;px&quot;,&quot;size&quot;:&quot;&quot;,&quot;sizes&quot;:[]},&quot;_transform_translateX_effect_tablet&quot;:{&quot;unit&quot;:&quot;px&quot;,&quot;size&quot;:&quot;&quot;,&quot;sizes&quot;:[]},&quot;_transform_translateX_effect_mobile&quot;:{&quot;unit&quot;:&quot;px&quot;,&quot;size&quot;:&quot;&quot;,&quot;sizes&quot;:[]},&quot;_transform_translateY_effect&quot;:{&quot;unit&quot;:&quot;px&quot;,&quot;size&quot;:&quot;&quot;,&quot;sizes&quot;:[]},&quot;_transform_translateY_effect_tablet&quot;:{&quot;unit&quot;:&quot;px&quot;,&quot;size&quot;:&quot;&quot;,&quot;sizes&quot;:[]},&quot;_transform_translateY_effect_mobile&quot;:{&quot;unit&quot;:&quot;px&quot;,&quot;size&quot;:&quot;&quot;,&quot;sizes&quot;:[]}}\" data-widget_type=\"image-carousel.default\">\n\t\t\t\t<div class=\"elementor-widget-container\">\n\t\t\t\t\t\t\t<div class=\"elementor-image-carousel-wrapper swiper\" role=\"region\" aria-roledescription=\"carousel\" aria-label=\"Bild Karussell\" dir=\"ltr\">\n\t\t\t<div class=\"elementor-image-carousel swiper-wrapper\" aria-live=\"off\">\n\t\t\t\t\t\t\t\t<div class=\"swiper-slide\" role=\"group\" aria-roledescription=\"slide\" aria-label=\"1 von 16\"><figure class=\"swiper-slide-inner\"><img decoding=\"async\" class=\"swiper-slide-image\" src=\"https:\/\/www.ffrum.at\/website\/wp1\/wp-content\/uploads\/2024\/08\/20221101_180643962_iOS-scaled.jpg\" alt=\"Wohnungsbrand 2022\" \/><figcaption class=\"elementor-image-carousel-caption\">Wohnungsbrand 2022<\/figcaption><\/figure><\/div><div class=\"swiper-slide\" role=\"group\" aria-roledescription=\"slide\" aria-label=\"2 von 16\"><figure class=\"swiper-slide-inner\"><img decoding=\"async\" class=\"swiper-slide-image\" src=\"https:\/\/www.ffrum.at\/website\/wp1\/wp-content\/uploads\/2024\/08\/10DA10BB-2F71-40D2-B779-BF82A5C45FD9.jpeg\" alt=\"Wohnungsbrand 2022\" \/><figcaption class=\"elementor-image-carousel-caption\">Wohnungsbrand 2022<\/figcaption><\/figure><\/div><div class=\"swiper-slide\" role=\"group\" aria-roledescription=\"slide\" aria-label=\"3 von 16\"><figure class=\"swiper-slide-inner\"><img decoding=\"async\" class=\"swiper-slide-image\" src=\"https:\/\/www.ffrum.at\/website\/wp1\/wp-content\/uploads\/2024\/08\/20240405_134722412_iOS-scaled.jpg\" alt=\"Brand Gewerbe 2024\" \/><figcaption class=\"elementor-image-carousel-caption\">Brand Gewerbe 2024<\/figcaption><\/figure><\/div><div class=\"swiper-slide\" role=\"group\" aria-roledescription=\"slide\" aria-label=\"4 von 16\"><figure class=\"swiper-slide-inner\"><img decoding=\"async\" class=\"swiper-slide-image\" src=\"https:\/\/www.ffrum.at\/website\/wp1\/wp-content\/uploads\/2024\/08\/20210116_003908472_iOS-scaled.jpg\" alt=\"Tiefgaragen Brand 2021\" \/><figcaption class=\"elementor-image-carousel-caption\">Tiefgaragen Brand 2021<\/figcaption><\/figure><\/div><div class=\"swiper-slide\" role=\"group\" aria-roledescription=\"slide\" aria-label=\"5 von 16\"><figure class=\"swiper-slide-inner\"><img decoding=\"async\" class=\"swiper-slide-image\" src=\"https:\/\/www.ffrum.at\/website\/wp1\/wp-content\/uploads\/2024\/08\/20210116_003019897_iOS-1.jpg\" alt=\"Tiefgaragen Brand 2021\" \/><figcaption class=\"elementor-image-carousel-caption\">Tiefgaragen Brand 2021<\/figcaption><\/figure><\/div><div class=\"swiper-slide\" role=\"group\" aria-roledescription=\"slide\" aria-label=\"6 von 16\"><figure class=\"swiper-slide-inner\"><img decoding=\"async\" class=\"swiper-slide-image\" src=\"https:\/\/www.ffrum.at\/website\/wp1\/wp-content\/uploads\/2024\/08\/20200512_122028057_iOS-scaled.jpg\" alt=\"Brand Mils 2020\" \/><figcaption class=\"elementor-image-carousel-caption\">Brand Mils 2020<\/figcaption><\/figure><\/div><div class=\"swiper-slide\" role=\"group\" aria-roledescription=\"slide\" aria-label=\"7 von 16\"><figure class=\"swiper-slide-inner\"><img decoding=\"async\" class=\"swiper-slide-image\" src=\"https:\/\/www.ffrum.at\/website\/wp1\/wp-content\/uploads\/2024\/08\/20200512_104429174_iOS-scaled.jpg\" alt=\"Brand Mils 2020\" \/><figcaption class=\"elementor-image-carousel-caption\">Brand Mils 2020<\/figcaption><\/figure><\/div><div class=\"swiper-slide\" role=\"group\" aria-roledescription=\"slide\" aria-label=\"8 von 16\"><figure class=\"swiper-slide-inner\"><img decoding=\"async\" class=\"swiper-slide-image\" src=\"https:\/\/www.ffrum.at\/website\/wp1\/wp-content\/uploads\/2024\/08\/20200512_104158115_iOS-scaled.jpg\" alt=\"Brand Mils 2020\" \/><figcaption class=\"elementor-image-carousel-caption\">Brand Mils 2020<\/figcaption><\/figure><\/div><div class=\"swiper-slide\" role=\"group\" aria-roledescription=\"slide\" aria-label=\"9 von 16\"><figure class=\"swiper-slide-inner\"><img decoding=\"async\" class=\"swiper-slide-image\" src=\"https:\/\/www.ffrum.at\/website\/wp1\/wp-content\/uploads\/2024\/08\/IMG_7534-scaled.jpg\" alt=\"ERHA-TEC 2017\" \/><figcaption class=\"elementor-image-carousel-caption\">ERHA-TEC 2017<\/figcaption><\/figure><\/div><div class=\"swiper-slide\" role=\"group\" aria-roledescription=\"slide\" aria-label=\"10 von 16\"><figure class=\"swiper-slide-inner\"><img decoding=\"async\" class=\"swiper-slide-image\" src=\"https:\/\/www.ffrum.at\/website\/wp1\/wp-content\/uploads\/2024\/08\/IMG_7532-scaled.jpg\" alt=\"ERHA-TEC 2017\" \/><figcaption class=\"elementor-image-carousel-caption\">ERHA-TEC 2017<\/figcaption><\/figure><\/div><div class=\"swiper-slide\" role=\"group\" aria-roledescription=\"slide\" aria-label=\"11 von 16\"><figure class=\"swiper-slide-inner\"><img decoding=\"async\" class=\"swiper-slide-image\" src=\"https:\/\/www.ffrum.at\/website\/wp1\/wp-content\/uploads\/2024\/08\/IMG_7550.jpg\" alt=\"ERHA-TEC 2017\" \/><figcaption class=\"elementor-image-carousel-caption\">ERHA-TEC 2017<\/figcaption><\/figure><\/div><div class=\"swiper-slide\" role=\"group\" aria-roledescription=\"slide\" aria-label=\"12 von 16\"><figure class=\"swiper-slide-inner\"><img decoding=\"async\" class=\"swiper-slide-image\" src=\"https:\/\/www.ffrum.at\/website\/wp1\/wp-content\/uploads\/2024\/08\/IMG_2107.jpg\" alt=\"Fahrzeugbrand 2011\" \/><figcaption class=\"elementor-image-carousel-caption\">Fahrzeugbrand 2011<\/figcaption><\/figure><\/div><div class=\"swiper-slide\" role=\"group\" aria-roledescription=\"slide\" aria-label=\"13 von 16\"><figure class=\"swiper-slide-inner\"><img decoding=\"async\" class=\"swiper-slide-image\" src=\"https:\/\/www.ffrum.at\/website\/wp1\/wp-content\/uploads\/2024\/08\/IMG_2109.jpg\" alt=\"Fahrzeugbrand 2011\" \/><figcaption class=\"elementor-image-carousel-caption\">Fahrzeugbrand 2011<\/figcaption><\/figure><\/div><div class=\"swiper-slide\" role=\"group\" aria-roledescription=\"slide\" aria-label=\"14 von 16\"><figure class=\"swiper-slide-inner\"><img decoding=\"async\" class=\"swiper-slide-image\" src=\"https:\/\/www.ffrum.at\/website\/wp1\/wp-content\/uploads\/2024\/08\/IMG_2111.jpg\" alt=\"Fahrzeugbrand 2011\" \/><figcaption class=\"elementor-image-carousel-caption\">Fahrzeugbrand 2011<\/figcaption><\/figure><\/div><div class=\"swiper-slide\" role=\"group\" aria-roledescription=\"slide\" aria-label=\"15 von 16\"><figure class=\"swiper-slide-inner\"><img decoding=\"async\" class=\"swiper-slide-image\" src=\"https:\/\/www.ffrum.at\/website\/wp1\/wp-content\/uploads\/2024\/08\/IMG_0093-scaled.jpg\" alt=\"M\u00fcllbrand 2011\" \/><figcaption class=\"elementor-image-carousel-caption\">M\u00fcllbrand 2011<\/figcaption><\/figure><\/div><div class=\"swiper-slide\" role=\"group\" aria-roledescription=\"slide\" aria-label=\"16 von 16\"><figure class=\"swiper-slide-inner\"><img decoding=\"async\" class=\"swiper-slide-image\" src=\"https:\/\/www.ffrum.at\/website\/wp1\/wp-content\/uploads\/2024\/08\/IMG_9243.jpg\" alt=\"Brand Ragg 2011\" \/><figcaption class=\"elementor-image-carousel-caption\">Brand Ragg 2011<\/figcaption><\/figure><\/div>\t\t\t<\/div>\n\t\t\t\t\t\t\t\t\t\t\t\t<div class=\"elementor-swiper-button elementor-swiper-button-prev\" role=\"button\" tabindex=\"0\">\n\t\t\t\t\t\t<i aria-hidden=\"true\" class=\"eicon-chevron-left\"><\/i>\t\t\t\t\t<\/div>\n\t\t\t\t\t<div class=\"elementor-swiper-button elementor-swiper-button-next\" role=\"button\" tabindex=\"0\">\n\t\t\t\t\t\t<i aria-hidden=\"true\" class=\"eicon-chevron-right\"><\/i>\t\t\t\t\t<\/div>\n\t\t\t\t\n\t\t\t\t\t\t\t\t\t<div class=\"swiper-pagination\"><\/div>\n\t\t\t\t\t\t\t\t\t<\/div>\n\t\t\t\t\t\t<\/div>\n\t\t\t\t<\/div>\n\t\t\t\t\t<\/div>\n\t\t<\/div>\n\t\t\t\t<div class=\"elementor-column elementor-col-50 elementor-top-column elementor-element elementor-element-3cb331f\" data-id=\"3cb331f\" data-element_type=\"column\" data-e-type=\"column\">\n\t\t\t<div class=\"elementor-widget-wrap elementor-element-populated\">\n\t\t\t\t\t\t<div class=\"elementor-element elementor-element-9bbca09 elementor-widget elementor-widget-text-editor\" data-id=\"9bbca09\" data-element_type=\"widget\" data-e-type=\"widget\" data-widget_type=\"text-editor.default\">\n\t\t\t\t<div class=\"elementor-widget-container\">\n\t\t\t\t\t\t\t\t\t<p>Die Freiwillige Feuerwehr Rum erf\u00fcllt eine Vielzahl wichtiger Aufgaben f\u00fcr die Sicherheit unserer Gemeinde. Eine der grundlegendsten und \u00e4ltesten Aufgaben ist die Bek\u00e4mpfung von Br\u00e4nden. Hier m\u00f6chten wir Ihnen einen Einblick geben, was Brandeins\u00e4tze f\u00fcr uns bedeuten und welche Aufgaben wir dabei \u00fcbernehmen.<\/p><p>Br\u00e4nde zu bek\u00e4mpfen ist eine anspruchsvolle Aufgabe, die umfassendes Fachwissen, kontinuierliches Training und spezialisierte Ausr\u00fcstung erfordert. Unsere Feuerwehrleute sind ausgebildet, um Br\u00e4nde zu l\u00f6schen, Gefahren zu bewerten und Menschenleben zu retten. Dabei verwenden wir verschiedene L\u00f6schmittel wie Wasser, Schaum oder Pulver, um das Feuer zu ersticken und seine Ausbreitung zu verhindern.<\/p><p>Ein zentraler Aspekt unserer Arbeit ist der Atemschutz. Br\u00e4nde produzieren Rauch und giftige Gase, die lebensgef\u00e4hrlich sein k\u00f6nnen. Unsere Atemschutzger\u00e4te erm\u00f6glichen es den Feuerwehrleuten, in verrauchte R\u00e4ume vorzudringen, um Menschen zu retten und das Feuer direkt zu bek\u00e4mpfen. Diese Ger\u00e4te bestehen aus einer Atemschutzmaske, einem Pressluftatmer und einer Sauerstoffflasche, die uns mit frischer Luft versorgen.<\/p><p>Die Herausforderungen der Brandbek\u00e4mpfung haben sich im Laufe der Zeit ver\u00e4ndert, insbesondere durch die Verwendung moderner Baumaterialien. Neue Materialien wie Kunststoffe und Verbundstoffe verhalten sich bei Br\u00e4nden anders als traditionelle Materialien wie Holz oder Stein. Sie k\u00f6nnen schneller entz\u00fcnden, intensivere Hitze erzeugen und giftige Gase freisetzen. Daher ist es f\u00fcr uns unerl\u00e4sslich, st\u00e4ndig \u00fcber die neuesten Entwicklungen in der Bauindustrie und Brandbek\u00e4mpfungstechniken informiert zu bleiben, um unsere Arbeit sicher und effektiv auszuf\u00fchren.<\/p>\t\t\t\t\t\t\t\t<\/div>\n\t\t\t\t<\/div>\n\t\t\t\t\t<\/div>\n\t\t<\/div>\n\t\t\t\t\t<\/div>\n\t\t<\/section>\n\t\t\t\t<\/div>\n\t\t","protected":false},"excerpt":{"rendered":"<p>Wohnungsbrand 2022 Wohnungsbrand 2022 Brand Gewerbe 2024 Tiefgaragen Brand 2021 Tiefgaragen Brand 2021 Brand Mils&#8230;<\/p>\n","protected":false},"author":11,"featured_media":0,"parent":0,"menu_order":0,"comment_status":"closed","ping_status":"closed","template":"","meta":{"footnotes":""},"class_list":["post-6571","page","type-page","status-publish","hentry"],"_links":{"self":[{"href":"https:\/\/www.ffrum.at\/website\/wp1\/wp-json\/wp\/v2\/pages\/6571","targetHints":{"allow":["GET"]}}],"collection":[{"href":"https:\/\/www.ffrum.at\/website\/wp1\/wp-json\/wp\/v2\/pages"}],"about":[{"href":"https:\/\/www.ffrum.at\/website\/wp1\/wp-json\/wp\/v2\/types\/page"}],"author":[{"embeddable":true,"href":"https:\/\/www.ffrum.at\/website\/wp1\/wp-json\/wp\/v2\/users\/11"}],"replies":[{"embeddable":true,"href":"https:\/\/www.ffrum.at\/website\/wp1\/wp-json\/wp\/v2\/comments?post=6571"}],"version-history":[{"count":25,"href":"https:\/\/www.ffrum.at\/website\/wp1\/wp-json\/wp\/v2\/pages\/6571\/revisions"}],"predecessor-version":[{"id":6683,"href":"https:\/\/www.ffrum.at\/website\/wp1\/wp-json\/wp\/v2\/pages\/6571\/revisions\/6683"}],"wp:attachment":[{"href":"https:\/\/www.ffrum.at\/website\/wp1\/wp-json\/wp\/v2\/media?parent=6571"}],"curies":[{"name":"wp","href":"https:\/\/api.w.org\/{rel}","templated":true}]}}