{"id":6508,"date":"2024-08-08T19:19:16","date_gmt":"2024-08-08T17:19:16","guid":{"rendered":"https:\/\/www.ffrum.at\/website\/wp1\/?page_id=6508"},"modified":"2024-08-08T20:16:23","modified_gmt":"2024-08-08T18:16:23","slug":"jugend-wir-suchen-dich","status":"publish","type":"page","link":"https:\/\/www.ffrum.at\/website\/wp1\/jugend-wir-suchen-dich\/","title":{"rendered":"Jugend &#8211; Wir suchen dich"},"content":{"rendered":"\t\t<div data-elementor-type=\"wp-page\" data-elementor-id=\"6508\" class=\"elementor elementor-6508\">\n\t\t\t\t\t\t<section class=\"elementor-section elementor-top-section elementor-element elementor-element-ec89321 elementor-section-boxed elementor-section-height-default elementor-section-height-default\" data-id=\"ec89321\" data-element_type=\"section\" data-e-type=\"section\">\n\t\t\t\t\t\t<div class=\"elementor-container elementor-column-gap-default\">\n\t\t\t\t\t<div class=\"elementor-column elementor-col-33 elementor-top-column elementor-element elementor-element-cd5d1de\" data-id=\"cd5d1de\" data-element_type=\"column\" data-e-type=\"column\">\n\t\t\t<div class=\"elementor-widget-wrap elementor-element-populated\">\n\t\t\t\t\t\t<div class=\"elementor-element elementor-element-0abd182 elementor-arrows-position-inside elementor-pagination-position-outside elementor-widget elementor-widget-image-carousel\" data-id=\"0abd182\" data-element_type=\"widget\" data-e-type=\"widget\" data-settings=\"{&quot;slides_to_show&quot;:&quot;1&quot;,&quot;navigation&quot;:&quot;both&quot;,&quot;autoplay&quot;:&quot;yes&quot;,&quot;pause_on_hover&quot;:&quot;yes&quot;,&quot;pause_on_interaction&quot;:&quot;yes&quot;,&quot;autoplay_speed&quot;:5000,&quot;infinite&quot;:&quot;yes&quot;,&quot;effect&quot;:&quot;slide&quot;,&quot;speed&quot;:500}\" data-widget_type=\"image-carousel.default\">\n\t\t\t\t<div class=\"elementor-widget-container\">\n\t\t\t\t\t\t\t<div class=\"elementor-image-carousel-wrapper swiper\" role=\"region\" aria-roledescription=\"carousel\" aria-label=\"Bild Karussell\" dir=\"ltr\">\n\t\t\t<div class=\"elementor-image-carousel swiper-wrapper\" aria-live=\"off\">\n\t\t\t\t\t\t\t\t<div class=\"swiper-slide\" role=\"group\" aria-roledescription=\"slide\" aria-label=\"1 von 7\"><figure class=\"swiper-slide-inner\"><img decoding=\"async\" class=\"swiper-slide-image\" src=\"https:\/\/www.ffrum.at\/website\/wp1\/wp-content\/uploads\/2024\/08\/20240424_193559-scaled.jpg\" alt=\"20240424_193559\" \/><\/figure><\/div><div class=\"swiper-slide\" role=\"group\" aria-roledescription=\"slide\" aria-label=\"2 von 7\"><figure class=\"swiper-slide-inner\"><img decoding=\"async\" class=\"swiper-slide-image\" src=\"https:\/\/www.ffrum.at\/website\/wp1\/wp-content\/uploads\/2024\/08\/20240403_190558-scaled.jpg\" alt=\"20240403_190558\" \/><\/figure><\/div><div class=\"swiper-slide\" role=\"group\" aria-roledescription=\"slide\" aria-label=\"3 von 7\"><figure class=\"swiper-slide-inner\"><img decoding=\"async\" class=\"swiper-slide-image\" src=\"https:\/\/www.ffrum.at\/website\/wp1\/wp-content\/uploads\/2024\/08\/20240403_185943-scaled.jpg\" alt=\"20240403_185943\" \/><\/figure><\/div><div class=\"swiper-slide\" role=\"group\" aria-roledescription=\"slide\" aria-label=\"4 von 7\"><figure class=\"swiper-slide-inner\"><img decoding=\"async\" class=\"swiper-slide-image\" src=\"https:\/\/www.ffrum.at\/website\/wp1\/wp-content\/uploads\/2024\/08\/EA81CF5C-E733-4003-AA84-24C2D31135EC.jpeg\" alt=\"EA81CF5C-E733-4003-AA84-24C2D31135EC\" \/><\/figure><\/div><div class=\"swiper-slide\" role=\"group\" aria-roledescription=\"slide\" aria-label=\"5 von 7\"><figure class=\"swiper-slide-inner\"><img decoding=\"async\" class=\"swiper-slide-image\" src=\"https:\/\/www.ffrum.at\/website\/wp1\/wp-content\/uploads\/2024\/08\/20230201_184116-scaled.jpg\" alt=\"20230201_184116\" \/><\/figure><\/div><div class=\"swiper-slide\" role=\"group\" aria-roledescription=\"slide\" aria-label=\"6 von 7\"><figure class=\"swiper-slide-inner\"><img decoding=\"async\" class=\"swiper-slide-image\" src=\"https:\/\/www.ffrum.at\/website\/wp1\/wp-content\/uploads\/2024\/08\/IMG-20220705-WA0008.jpg\" alt=\"IMG-20220705-WA0008\" \/><\/figure><\/div><div class=\"swiper-slide\" role=\"group\" aria-roledescription=\"slide\" aria-label=\"7 von 7\"><figure class=\"swiper-slide-inner\"><img decoding=\"async\" class=\"swiper-slide-image\" src=\"https:\/\/www.ffrum.at\/website\/wp1\/wp-content\/uploads\/2024\/08\/20220702_141050-scaled.jpg\" alt=\"20220702_141050\" \/><\/figure><\/div>\t\t\t<\/div>\n\t\t\t\t\t\t\t\t\t\t\t\t<div class=\"elementor-swiper-button elementor-swiper-button-prev\" role=\"button\" tabindex=\"0\">\n\t\t\t\t\t\t<i aria-hidden=\"true\" class=\"eicon-chevron-left\"><\/i>\t\t\t\t\t<\/div>\n\t\t\t\t\t<div class=\"elementor-swiper-button elementor-swiper-button-next\" role=\"button\" tabindex=\"0\">\n\t\t\t\t\t\t<i aria-hidden=\"true\" class=\"eicon-chevron-right\"><\/i>\t\t\t\t\t<\/div>\n\t\t\t\t\n\t\t\t\t\t\t\t\t\t<div class=\"swiper-pagination\"><\/div>\n\t\t\t\t\t\t\t\t\t<\/div>\n\t\t\t\t\t\t<\/div>\n\t\t\t\t<\/div>\n\t\t\t\t\t<\/div>\n\t\t<\/div>\n\t\t\t\t<div class=\"elementor-column elementor-col-66 elementor-top-column elementor-element elementor-element-f993e6c\" data-id=\"f993e6c\" data-element_type=\"column\" data-e-type=\"column\">\n\t\t\t<div class=\"elementor-widget-wrap elementor-element-populated\">\n\t\t\t\t\t\t<div class=\"elementor-element elementor-element-7f2e321 elementor-widget elementor-widget-text-editor\" data-id=\"7f2e321\" data-element_type=\"widget\" data-e-type=\"widget\" data-widget_type=\"text-editor.default\">\n\t\t\t\t<div class=\"elementor-widget-container\">\n\t\t\t\t\t\t\t\t\t<p>Im Alter von 11-15 Jahren hast du die Chance, der Feuerwehrjugend der Freiwilligen Feuerwehr Rum beizutreten. Von Beginn an erh\u00e4ltst du deine eigene Schutzbekleidung und tauchst direkt in die spannende Welt der Feuerwehr ein. Schon fr\u00fch kannst du diverse Leistungsabzeichen erwerben, dich sportlich bet\u00e4tigen und wirst optimal auf den sp\u00e4teren \u201eAktivstand\u201c vorbereitet.<\/p><p>Mit 15 Jahren darfst du dann das Wissen und die F\u00e4higkeiten, die du in der Feuerwehrjugend gesammelt hast, bei den \u201eGro\u00dfen\u201c anwenden. Deine Feuerwehrkarriere ist dann auf einem sehr guten Weg. In der Feuerwehrjugend lernst du spielerisch und mit viel Spa\u00df alles, was du ben\u00f6tigst, um ein kompetenter Feuerwehrmann oder eine kompetente Feuerwehrfrau zu werden \u2013 und das in einem Umfeld von Teamarbeit und Freundschaft.<\/p>\t\t\t\t\t\t\t\t<\/div>\n\t\t\t\t<\/div>\n\t\t\t\t\t<\/div>\n\t\t<\/div>\n\t\t\t\t\t<\/div>\n\t\t<\/section>\n\t\t\t\t<section class=\"elementor-section elementor-top-section elementor-element elementor-element-9e548b5 elementor-section-boxed elementor-section-height-default elementor-section-height-default\" data-id=\"9e548b5\" data-element_type=\"section\" data-e-type=\"section\">\n\t\t\t\t\t\t<div class=\"elementor-container elementor-column-gap-default\">\n\t\t\t\t\t<div class=\"elementor-column elementor-col-100 elementor-top-column elementor-element elementor-element-6f7a90b\" data-id=\"6f7a90b\" data-element_type=\"column\" data-e-type=\"column\">\n\t\t\t<div class=\"elementor-widget-wrap elementor-element-populated\">\n\t\t\t\t\t\t<div class=\"elementor-element elementor-element-758a7c0 elementor-widget elementor-widget-text-editor\" data-id=\"758a7c0\" data-element_type=\"widget\" data-e-type=\"widget\" data-widget_type=\"text-editor.default\">\n\t\t\t\t<div class=\"elementor-widget-container\">\n\t\t\t\t\t\t\t\t\t<p><strong>Bist du interessiert an:<\/strong><\/p><ul><li>Gemeinsamem Arbeiten mit Gleichaltrigen?<\/li><li>Erfahrungen im Team und beim Helfen anderer in Not?<\/li><li>Dem Umgang mit dem Feuer, um es sicher zu bew\u00e4ltigen und zu \u00fcberwachen?<\/li><li>Arbeiten mit modernen technischen Ger\u00e4ten?<\/li><\/ul><p>Wenn du in deiner Freizeit aktiv werden m\u00f6chtest und Teil der Freiwilligen Feuerwehr Rum werden willst, freuen wir uns auf deine Anmeldung!<\/p>\t\t\t\t\t\t\t\t<\/div>\n\t\t\t\t<\/div>\n\t\t\t\t\t<\/div>\n\t\t<\/div>\n\t\t\t\t\t<\/div>\n\t\t<\/section>\n\t\t\t\t<section class=\"elementor-section elementor-top-section elementor-element elementor-element-31e607d elementor-section-boxed elementor-section-height-default elementor-section-height-default\" data-id=\"31e607d\" data-element_type=\"section\" data-e-type=\"section\">\n\t\t\t\t\t\t<div class=\"elementor-container elementor-column-gap-default\">\n\t\t\t\t\t<div class=\"elementor-column elementor-col-100 elementor-top-column elementor-element elementor-element-5af98f2\" data-id=\"5af98f2\" data-element_type=\"column\" data-e-type=\"column\">\n\t\t\t<div class=\"elementor-widget-wrap elementor-element-populated\">\n\t\t\t\t\t\t<div class=\"elementor-element elementor-element-7d7ee7b elementor-widget elementor-widget-text-editor\" data-id=\"7d7ee7b\" data-element_type=\"widget\" data-e-type=\"widget\" data-widget_type=\"text-editor.default\">\n\t\t\t\t<div class=\"elementor-widget-container\">\n\t\t\t\t\t\t\t\t\t<p><strong>Elterninformation:<\/strong><\/p><p>Die Mitgliedschaft in der Feuerwehrjugend bietet eine spannende und sinnvolle Freizeitgestaltung und sichert den Nachwuchs f\u00fcr die Tiroler Freiwilligen Feuerwehren. Ab dem vollendeten elften Lebensjahr k\u00f6nnen Jugendliche in die Feuerwehrjugend eintreten, wo sie von speziell ausgebildeten Feuerwehrjugendbetreuern begleitet werden.<\/p><p>Mit 15 Jahren erfolgt die \u00dcberstellung in den Aktivstand, und erst dann k\u00f6nnen die Jugendlichen aktiv an Eins\u00e4tzen teilnehmen. In der Feuerwehrjugend werden sie spielerisch an die Aufgaben eines Feuerwehrmannes herangef\u00fchrt und lernen die Bedeutung des gemeinn\u00fctzigen Helfens. Auch Teamarbeit und Kameradschaft sind zentrale Aspekte der Ausbildung.<\/p><p>F\u00fcr Fragen zur Feuerwehrjugend steht unsere Jugendbetreuerin gerne \u00fcber E-Mail zur Verf\u00fcgung -&gt; <a href=\"mailto:n.wolf@feuerwehr.tirol\">n.wolf@feuerwehr.tirol<\/a> .<\/p>\t\t\t\t\t\t\t\t<\/div>\n\t\t\t\t<\/div>\n\t\t\t\t\t<\/div>\n\t\t<\/div>\n\t\t\t\t\t<\/div>\n\t\t<\/section>\n\t\t\t\t<section class=\"elementor-section elementor-top-section elementor-element elementor-element-37db266 elementor-section-boxed elementor-section-height-default elementor-section-height-default\" data-id=\"37db266\" data-element_type=\"section\" data-e-type=\"section\">\n\t\t\t\t\t\t<div class=\"elementor-container elementor-column-gap-default\">\n\t\t\t\t\t<div class=\"elementor-column elementor-col-100 elementor-top-column elementor-element elementor-element-16002d5\" data-id=\"16002d5\" data-element_type=\"column\" data-e-type=\"column\">\n\t\t\t<div class=\"elementor-widget-wrap elementor-element-populated\">\n\t\t\t\t\t\t<div class=\"elementor-element elementor-element-54a2df7 elementor-widget elementor-widget-text-editor\" data-id=\"54a2df7\" data-element_type=\"widget\" data-e-type=\"widget\" data-widget_type=\"text-editor.default\">\n\t\t\t\t<div class=\"elementor-widget-container\">\n\t\t\t\t\t\t\t\t\t<p><strong>Wir freuen uns auf DICH!<\/strong><\/p><p>Die Feuerwehrjugend Rum sucht engagierte Nachwuchskr\u00e4fte! Wenn du Spa\u00df, Spannung und neue Freundschaften suchst, sowie sportliche und geistige Herausforderungen magst, dann bist du bei uns genau richtig.<\/p>\t\t\t\t\t\t\t\t<\/div>\n\t\t\t\t<\/div>\n\t\t\t\t\t<\/div>\n\t\t<\/div>\n\t\t\t\t\t<\/div>\n\t\t<\/section>\n\t\t\t\t<section class=\"elementor-section elementor-top-section elementor-element elementor-element-8b81926 elementor-section-boxed elementor-section-height-default elementor-section-height-default\" data-id=\"8b81926\" data-element_type=\"section\" data-e-type=\"section\">\n\t\t\t\t\t\t<div class=\"elementor-container elementor-column-gap-default\">\n\t\t\t\t\t<div class=\"elementor-column elementor-col-100 elementor-top-column elementor-element elementor-element-e0002e3\" data-id=\"e0002e3\" data-element_type=\"column\" data-e-type=\"column\">\n\t\t\t<div class=\"elementor-widget-wrap elementor-element-populated\">\n\t\t\t\t\t\t<div class=\"elementor-element elementor-element-4f0a233 elementor-widget elementor-widget-text-editor\" data-id=\"4f0a233\" data-element_type=\"widget\" data-e-type=\"widget\" data-widget_type=\"text-editor.default\">\n\t\t\t\t<div class=\"elementor-widget-container\">\n\t\t\t\t\t\t\t\t\t<p><strong>Haben wir dein Interesse geweckt?<\/strong><\/p><p>Dann kontaktiere bitte unsere Jugendbetreuerin, Natascha Wolf Sie steht dir jederzeit f\u00fcr Fragen zur Verf\u00fcgung und ladet dich herzlich ein, unsere Feuerwehr n\u00e4her kennenzulernen und bei \u00dcbungen und Aktivit\u00e4ten teilzunehmen.<\/p><p>Wir freuen uns auf deine Teilnahme und darauf, dich bald in unserer Feuerwehrjugend begr\u00fc\u00dfen zu d\u00fcrfen!<\/p>\t\t\t\t\t\t\t\t<\/div>\n\t\t\t\t<\/div>\n\t\t\t\t\t<\/div>\n\t\t<\/div>\n\t\t\t\t\t<\/div>\n\t\t<\/section>\n\t\t\t\t<section class=\"elementor-section elementor-top-section elementor-element elementor-element-79dc860 elementor-section-boxed elementor-section-height-default elementor-section-height-default\" data-id=\"79dc860\" data-element_type=\"section\" data-e-type=\"section\">\n\t\t\t\t\t\t<div class=\"elementor-container elementor-column-gap-default\">\n\t\t\t\t\t<div class=\"elementor-column elementor-col-100 elementor-top-column elementor-element elementor-element-ffa0e9b\" data-id=\"ffa0e9b\" data-element_type=\"column\" data-e-type=\"column\">\n\t\t\t<div class=\"elementor-widget-wrap elementor-element-populated\">\n\t\t\t\t\t\t<div class=\"elementor-element elementor-element-593b53e elementor-widget elementor-widget-text-editor\" data-id=\"593b53e\" data-element_type=\"widget\" data-e-type=\"widget\" data-widget_type=\"text-editor.default\">\n\t\t\t\t<div class=\"elementor-widget-container\">\n\t\t\t\t\t\t\t\t\t<p><strong>F\u00fcr Kontaktaufnahme unter:<\/strong><\/p><p>Freiwillige Feuerwehr Rum\u00a0<\/p><p>Schulstra\u00dfe 22\u00a0<\/p><p>6063 Rum\u00a0<\/p><p>Jugendbetreuerin Natascha Wolf<\/p><p>E-Mail: <a href=\"mailto:n.wolf@feuerwehr.tirol\">n.wolf@feuerwehr.tirol<\/a> \u00a0<\/p>\t\t\t\t\t\t\t\t<\/div>\n\t\t\t\t<\/div>\n\t\t\t\t\t<\/div>\n\t\t<\/div>\n\t\t\t\t\t<\/div>\n\t\t<\/section>\n\t\t\t\t<\/div>\n\t\t","protected":false},"excerpt":{"rendered":"<p>Im Alter von 11-15 Jahren hast du die Chance, der Feuerwehrjugend der Freiwilligen Feuerwehr Rum&#8230;<\/p>\n","protected":false},"author":11,"featured_media":0,"parent":0,"menu_order":0,"comment_status":"closed","ping_status":"closed","template":"","meta":{"footnotes":""},"class_list":["post-6508","page","type-page","status-publish","hentry"],"_links":{"self":[{"href":"https:\/\/www.ffrum.at\/website\/wp1\/wp-json\/wp\/v2\/pages\/6508","targetHints":{"allow":["GET"]}}],"collection":[{"href":"https:\/\/www.ffrum.at\/website\/wp1\/wp-json\/wp\/v2\/pages"}],"about":[{"href":"https:\/\/www.ffrum.at\/website\/wp1\/wp-json\/wp\/v2\/types\/page"}],"author":[{"embeddable":true,"href":"https:\/\/www.ffrum.at\/website\/wp1\/wp-json\/wp\/v2\/users\/11"}],"replies":[{"embeddable":true,"href":"https:\/\/www.ffrum.at\/website\/wp1\/wp-json\/wp\/v2\/comments?post=6508"}],"version-history":[{"count":11,"href":"https:\/\/www.ffrum.at\/website\/wp1\/wp-json\/wp\/v2\/pages\/6508\/revisions"}],"predecessor-version":[{"id":6618,"href":"https:\/\/www.ffrum.at\/website\/wp1\/wp-json\/wp\/v2\/pages\/6508\/revisions\/6618"}],"wp:attachment":[{"href":"https:\/\/www.ffrum.at\/website\/wp1\/wp-json\/wp\/v2\/media?parent=6508"}],"curies":[{"name":"wp","href":"https:\/\/api.w.org\/{rel}","templated":true}]}}