{"id":6487,"date":"2024-08-08T18:58:15","date_gmt":"2024-08-08T16:58:15","guid":{"rendered":"https:\/\/www.ffrum.at\/website\/wp1\/?page_id=6487"},"modified":"2024-08-08T19:46:46","modified_gmt":"2024-08-08T17:46:46","slug":"wir-suchen-dich-verstaerkung-gesucht","status":"publish","type":"page","link":"https:\/\/www.ffrum.at\/website\/wp1\/wir-suchen-dich-verstaerkung-gesucht\/","title":{"rendered":"Wir suchen dich &#8211; Verst\u00e4rkung gesucht"},"content":{"rendered":"\t\t<div data-elementor-type=\"wp-page\" data-elementor-id=\"6487\" class=\"elementor elementor-6487\">\n\t\t\t\t\t\t<section class=\"elementor-section elementor-top-section elementor-element elementor-element-c6ac80e elementor-section-boxed elementor-section-height-default elementor-section-height-default\" data-id=\"c6ac80e\" data-element_type=\"section\" data-e-type=\"section\">\n\t\t\t\t\t\t<div class=\"elementor-container elementor-column-gap-default\">\n\t\t\t\t\t<div class=\"elementor-column elementor-col-100 elementor-top-column elementor-element elementor-element-80ed97d\" data-id=\"80ed97d\" data-element_type=\"column\" data-e-type=\"column\">\n\t\t\t<div class=\"elementor-widget-wrap elementor-element-populated\">\n\t\t\t\t\t\t<div class=\"elementor-element elementor-element-465eec4 elementor-widget elementor-widget-text-editor\" data-id=\"465eec4\" data-element_type=\"widget\" data-e-type=\"widget\" data-widget_type=\"text-editor.default\">\n\t\t\t\t<div class=\"elementor-widget-container\">\n\t\t\t\t\t\t\t\t\t<p>Hast du Interesse, dich ehrenamtlich zu engagieren und deiner Gemeinde zu helfen? Die Freiwillige Feuerwehr Rum sucht engagierte und motivierte Mitglieder, die unsere Mannschaft verst\u00e4rken m\u00f6chten!<\/p><p>Egal, ob du bereits Erfahrung hast oder neu in diesem Bereich bist \u2013 bei uns bist du herzlich willkommen. Wir bieten dir eine fundierte Ausbildung, spannende Eins\u00e4tze und eine starke Gemeinschaft. Bei uns kannst du wertvolle F\u00e4higkeiten erlernen und gleichzeitig neue Freundschaften kn\u00fcpfen.<\/p>\t\t\t\t\t\t\t\t<\/div>\n\t\t\t\t<\/div>\n\t\t\t\t<div class=\"elementor-element elementor-element-6a0946e elementor-widget elementor-widget-image\" data-id=\"6a0946e\" data-element_type=\"widget\" data-e-type=\"widget\" data-widget_type=\"image.default\">\n\t\t\t\t<div class=\"elementor-widget-container\">\n\t\t\t\t\t\t\t\t\t\t\t\t\t\t\t<img loading=\"lazy\" width=\"640\" height=\"426\" src=\"https:\/\/www.ffrum.at\/website\/wp1\/wp-content\/uploads\/2024\/08\/FFRUM22.10x15-1024x682.jpg\" class=\"attachment-large size-large wp-image-6537\" alt=\"FFRUM22.10x15\" srcset=\"https:\/\/www.ffrum.at\/website\/wp1\/wp-content\/uploads\/2024\/08\/FFRUM22.10x15-1024x682.jpg 1024w, https:\/\/www.ffrum.at\/website\/wp1\/wp-content\/uploads\/2024\/08\/FFRUM22.10x15-300x200.jpg 300w, https:\/\/www.ffrum.at\/website\/wp1\/wp-content\/uploads\/2024\/08\/FFRUM22.10x15-768x512.jpg 768w, https:\/\/www.ffrum.at\/website\/wp1\/wp-content\/uploads\/2024\/08\/FFRUM22.10x15-1536x1024.jpg 1536w, https:\/\/www.ffrum.at\/website\/wp1\/wp-content\/uploads\/2024\/08\/FFRUM22.10x15.jpg 1772w\" sizes=\"auto, (max-width: 640px) 100vw, 640px\" loading=\"lazy\" decoding=\"async\" \/>\t\t\t\t\t\t\t\t\t\t\t\t\t\t\t<\/div>\n\t\t\t\t<\/div>\n\t\t\t\t\t<\/div>\n\t\t<\/div>\n\t\t\t\t\t<\/div>\n\t\t<\/section>\n\t\t\t\t<section class=\"elementor-section elementor-top-section elementor-element elementor-element-ef4a92b elementor-section-boxed elementor-section-height-default elementor-section-height-default\" data-id=\"ef4a92b\" data-element_type=\"section\" data-e-type=\"section\">\n\t\t\t\t\t\t<div class=\"elementor-container elementor-column-gap-default\">\n\t\t\t\t\t<div class=\"elementor-column elementor-col-100 elementor-top-column elementor-element elementor-element-754dc93\" data-id=\"754dc93\" data-element_type=\"column\" data-e-type=\"column\">\n\t\t\t<div class=\"elementor-widget-wrap elementor-element-populated\">\n\t\t\t\t\t\t<div class=\"elementor-element elementor-element-09e4fbe elementor-widget elementor-widget-text-editor\" data-id=\"09e4fbe\" data-element_type=\"widget\" data-e-type=\"widget\" data-widget_type=\"text-editor.default\">\n\t\t\t\t<div class=\"elementor-widget-container\">\n\t\t\t\t\t\t\t\t\t<p><strong>Kontakt:<\/strong><\/p><p>Freiwillige Feuerwehr Rum\u00a0<\/p><p>Schulstra\u00dfe 22\u00a0<\/p><p>6063 Rum\u00a0<\/p><p>Kommandant: Romed Stocker E-Mail: <a href=\"mailto:presse.rum@feuerwehr.tirol\">presse.rum@feuerwehr.tirol<\/a><\/p>\t\t\t\t\t\t\t\t<\/div>\n\t\t\t\t<\/div>\n\t\t\t\t\t<\/div>\n\t\t<\/div>\n\t\t\t\t\t<\/div>\n\t\t<\/section>\n\t\t\t\t<section class=\"elementor-section elementor-top-section elementor-element elementor-element-99b3e5a elementor-section-boxed elementor-section-height-default elementor-section-height-default\" data-id=\"99b3e5a\" data-element_type=\"section\" data-e-type=\"section\">\n\t\t\t\t\t\t<div class=\"elementor-container elementor-column-gap-default\">\n\t\t\t\t\t<div class=\"elementor-column elementor-col-100 elementor-top-column elementor-element elementor-element-5c82281\" data-id=\"5c82281\" data-element_type=\"column\" data-e-type=\"column\">\n\t\t\t<div class=\"elementor-widget-wrap elementor-element-populated\">\n\t\t\t\t\t\t<div class=\"elementor-element elementor-element-b610892 elementor-widget elementor-widget-text-editor\" data-id=\"b610892\" data-element_type=\"widget\" data-e-type=\"widget\" data-widget_type=\"text-editor.default\">\n\t\t\t\t<div class=\"elementor-widget-container\">\n\t\t\t\t\t\t\t\t\t<p><strong>Werde Teil unserer Mannschaft und erlebe die besondere Kameradschaft der Freiwilligen Feuerwehr Rum. Wir freuen uns auf dich!<\/strong><\/p>\t\t\t\t\t\t\t\t<\/div>\n\t\t\t\t<\/div>\n\t\t\t\t\t<\/div>\n\t\t<\/div>\n\t\t\t\t\t<\/div>\n\t\t<\/section>\n\t\t\t\t<\/div>\n\t\t","protected":false},"excerpt":{"rendered":"<p>Hast du Interesse, dich ehrenamtlich zu engagieren und deiner Gemeinde zu helfen? Die Freiwillige Feuerwehr&#8230;<\/p>\n","protected":false},"author":11,"featured_media":0,"parent":0,"menu_order":0,"comment_status":"closed","ping_status":"closed","template":"","meta":{"footnotes":""},"class_list":["post-6487","page","type-page","status-publish","hentry"],"_links":{"self":[{"href":"https:\/\/www.ffrum.at\/website\/wp1\/wp-json\/wp\/v2\/pages\/6487","targetHints":{"allow":["GET"]}}],"collection":[{"href":"https:\/\/www.ffrum.at\/website\/wp1\/wp-json\/wp\/v2\/pages"}],"about":[{"href":"https:\/\/www.ffrum.at\/website\/wp1\/wp-json\/wp\/v2\/types\/page"}],"author":[{"embeddable":true,"href":"https:\/\/www.ffrum.at\/website\/wp1\/wp-json\/wp\/v2\/users\/11"}],"replies":[{"embeddable":true,"href":"https:\/\/www.ffrum.at\/website\/wp1\/wp-json\/wp\/v2\/comments?post=6487"}],"version-history":[{"count":19,"href":"https:\/\/www.ffrum.at\/website\/wp1\/wp-json\/wp\/v2\/pages\/6487\/revisions"}],"predecessor-version":[{"id":6540,"href":"https:\/\/www.ffrum.at\/website\/wp1\/wp-json\/wp\/v2\/pages\/6487\/revisions\/6540"}],"wp:attachment":[{"href":"https:\/\/www.ffrum.at\/website\/wp1\/wp-json\/wp\/v2\/media?parent=6487"}],"curies":[{"name":"wp","href":"https:\/\/api.w.org\/{rel}","templated":true}]}}