{"id":6475,"date":"2024-08-08T18:54:39","date_gmt":"2024-08-08T16:54:39","guid":{"rendered":"https:\/\/www.ffrum.at\/website\/wp1\/?page_id=6475"},"modified":"2024-08-08T18:55:13","modified_gmt":"2024-08-08T16:55:13","slug":"wir-suchen-dich-feuerwehrfrau-gesucht","status":"publish","type":"page","link":"https:\/\/www.ffrum.at\/website\/wp1\/wir-suchen-dich-feuerwehrfrau-gesucht\/","title":{"rendered":"Wir suchen dich &#8211; Feuerwehrfrau gesucht"},"content":{"rendered":"\t\t<div data-elementor-type=\"wp-page\" data-elementor-id=\"6475\" class=\"elementor elementor-6475\">\n\t\t\t\t\t\t<section class=\"elementor-section elementor-top-section elementor-element elementor-element-3a98161 elementor-section-boxed elementor-section-height-default elementor-section-height-default\" data-id=\"3a98161\" data-element_type=\"section\" data-e-type=\"section\">\n\t\t\t\t\t\t<div class=\"elementor-container elementor-column-gap-default\">\n\t\t\t\t\t<div class=\"elementor-column elementor-col-100 elementor-top-column elementor-element elementor-element-6a8cb1c\" data-id=\"6a8cb1c\" data-element_type=\"column\" data-e-type=\"column\">\n\t\t\t<div class=\"elementor-widget-wrap elementor-element-populated\">\n\t\t\t\t\t\t<div class=\"elementor-element elementor-element-7b72973 elementor-widget elementor-widget-text-editor\" data-id=\"7b72973\" data-element_type=\"widget\" data-e-type=\"widget\" data-widget_type=\"text-editor.default\">\n\t\t\t\t<div class=\"elementor-widget-container\">\n\t\t\t\t\t\t\t\t\t<p>In der Freiwilligen Feuerwehr Rum sind wir stolz auf unsere vielf\u00e4ltige und engagierte Mannschaft. Von rund 86 aktiven Mitgliedern z\u00e4hlen wir derzeit stolze 14 Frauen. Dieser Anteil ist ein wichtiger Schritt in die richtige Richtung, doch wir wollen noch mehr Frauen f\u00fcr unser Team gewinnen!<\/p><p>Frauen spielen eine entscheidende Rolle in der Feuerwehr und bereichern unsere Gemeinschaft mit ihren F\u00e4higkeiten und ihrem Engagement. Die 14 Frauen, die bereits bei uns sind, zeigen t\u00e4glich, wie wichtig ihre Beitr\u00e4ge sind und wie sie das Team st\u00e4rken. Ihre Motivation und Einsatzbereitschaft sind f\u00fcr uns unverzichtbar.<\/p><p>Wir laden alle interessierten Frauen ein, Teil unseres Teams zu werden. Ob du bereits Erfahrung hast oder einfach neugierig bist, was es hei\u00dft, bei der Feuerwehr zu sein \u2013 trau dich und komm zu uns! Bei uns findest du eine Gemeinschaft, die zusammenh\u00e4lt und in der jede und jeder z\u00e4hlt.<\/p><p><strong>Trau dich und werde Teil der Freiwilligen Feuerwehr Rum \u2013 wir freuen uns auf dich!<\/strong><\/p>\t\t\t\t\t\t\t\t<\/div>\n\t\t\t\t<\/div>\n\t\t\t\t\t<\/div>\n\t\t<\/div>\n\t\t\t\t\t<\/div>\n\t\t<\/section>\n\t\t\t\t<section class=\"elementor-section elementor-top-section elementor-element elementor-element-b3c5c68 elementor-section-boxed elementor-section-height-default elementor-section-height-default\" data-id=\"b3c5c68\" data-element_type=\"section\" data-e-type=\"section\">\n\t\t\t\t\t\t<div class=\"elementor-container elementor-column-gap-default\">\n\t\t\t\t\t<div class=\"elementor-column elementor-col-100 elementor-top-column elementor-element elementor-element-6a8e1c3\" data-id=\"6a8e1c3\" data-element_type=\"column\" data-e-type=\"column\">\n\t\t\t<div class=\"elementor-widget-wrap elementor-element-populated\">\n\t\t\t\t\t\t<div class=\"elementor-element elementor-element-e8c9f34 elementor-widget elementor-widget-video\" data-id=\"e8c9f34\" data-element_type=\"widget\" data-e-type=\"widget\" data-settings=\"{&quot;youtube_url&quot;:&quot;https:\\\/\\\/www.youtube.com\\\/watch?v=vjiBNHNs2EA&quot;,&quot;video_type&quot;:&quot;youtube&quot;,&quot;controls&quot;:&quot;yes&quot;}\" data-widget_type=\"video.default\">\n\t\t\t\t<div class=\"elementor-widget-container\">\n\t\t\t\t\t\t\t<div class=\"elementor-wrapper elementor-open-inline\">\n\t\t\t<div class=\"elementor-video\"><\/div>\t\t<\/div>\n\t\t\t\t\t\t<\/div>\n\t\t\t\t<\/div>\n\t\t\t\t\t<\/div>\n\t\t<\/div>\n\t\t\t\t\t<\/div>\n\t\t<\/section>\n\t\t\t\t<section class=\"elementor-section elementor-top-section elementor-element elementor-element-c87254e elementor-section-boxed elementor-section-height-default elementor-section-height-default\" data-id=\"c87254e\" data-element_type=\"section\" data-e-type=\"section\">\n\t\t\t\t\t\t<div class=\"elementor-container elementor-column-gap-default\">\n\t\t\t\t\t<div class=\"elementor-column elementor-col-100 elementor-top-column elementor-element elementor-element-6fb2778\" data-id=\"6fb2778\" data-element_type=\"column\" data-e-type=\"column\">\n\t\t\t<div class=\"elementor-widget-wrap elementor-element-populated\">\n\t\t\t\t\t\t<div class=\"elementor-element elementor-element-6b2bf98 elementor-widget elementor-widget-text-editor\" data-id=\"6b2bf98\" data-element_type=\"widget\" data-e-type=\"widget\" data-widget_type=\"text-editor.default\">\n\t\t\t\t<div class=\"elementor-widget-container\">\n\t\t\t\t\t\t\t\t\t<p><strong>F\u00fcr Kontaktaufnahme unter:<\/strong><\/p><p>Freiwillige Feuerwehr Rum<br \/>Schulstra\u00dfe 22<br \/>6063 Rum<br \/>Kommandant: Romed Stocker<br \/>E-Mail: <a href=\"mailto:presse.rum@feuerwehr.tirol\">presse.rum@feuerwehr.tirol<\/a><\/p>\t\t\t\t\t\t\t\t<\/div>\n\t\t\t\t<\/div>\n\t\t\t\t\t<\/div>\n\t\t<\/div>\n\t\t\t\t\t<\/div>\n\t\t<\/section>\n\t\t\t\t<\/div>\n\t\t","protected":false},"excerpt":{"rendered":"<p>In der Freiwilligen Feuerwehr Rum sind wir stolz auf unsere vielf\u00e4ltige und engagierte Mannschaft. Von&#8230;<\/p>\n","protected":false},"author":11,"featured_media":0,"parent":0,"menu_order":0,"comment_status":"closed","ping_status":"closed","template":"","meta":{"footnotes":""},"class_list":["post-6475","page","type-page","status-publish","hentry"],"_links":{"self":[{"href":"https:\/\/www.ffrum.at\/website\/wp1\/wp-json\/wp\/v2\/pages\/6475","targetHints":{"allow":["GET"]}}],"collection":[{"href":"https:\/\/www.ffrum.at\/website\/wp1\/wp-json\/wp\/v2\/pages"}],"about":[{"href":"https:\/\/www.ffrum.at\/website\/wp1\/wp-json\/wp\/v2\/types\/page"}],"author":[{"embeddable":true,"href":"https:\/\/www.ffrum.at\/website\/wp1\/wp-json\/wp\/v2\/users\/11"}],"replies":[{"embeddable":true,"href":"https:\/\/www.ffrum.at\/website\/wp1\/wp-json\/wp\/v2\/comments?post=6475"}],"version-history":[{"count":10,"href":"https:\/\/www.ffrum.at\/website\/wp1\/wp-json\/wp\/v2\/pages\/6475\/revisions"}],"predecessor-version":[{"id":6486,"href":"https:\/\/www.ffrum.at\/website\/wp1\/wp-json\/wp\/v2\/pages\/6475\/revisions\/6486"}],"wp:attachment":[{"href":"https:\/\/www.ffrum.at\/website\/wp1\/wp-json\/wp\/v2\/media?parent=6475"}],"curies":[{"name":"wp","href":"https:\/\/api.w.org\/{rel}","templated":true}]}}