{"id":6447,"date":"2024-08-04T19:24:01","date_gmt":"2024-08-04T17:24:01","guid":{"rendered":"https:\/\/www.ffrum.at\/website\/wp1\/?page_id=6447"},"modified":"2025-07-22T08:52:49","modified_gmt":"2025-07-22T06:52:49","slug":"geschichte-feuerwehr-rum","status":"publish","type":"page","link":"https:\/\/www.ffrum.at\/website\/wp1\/geschichte-feuerwehr-rum\/","title":{"rendered":"Geschichte der FF-Rum"},"content":{"rendered":"\t\t<div data-elementor-type=\"wp-page\" data-elementor-id=\"6447\" class=\"elementor elementor-6447\">\n\t\t\t\t\t\t<section class=\"elementor-section elementor-top-section elementor-element elementor-element-855f62d elementor-section-boxed elementor-section-height-default elementor-section-height-default\" data-id=\"855f62d\" data-element_type=\"section\" data-e-type=\"section\">\n\t\t\t\t\t\t<div class=\"elementor-container elementor-column-gap-default\">\n\t\t\t\t\t<div class=\"elementor-column elementor-col-100 elementor-top-column elementor-element elementor-element-d8f84d9\" data-id=\"d8f84d9\" data-element_type=\"column\" data-e-type=\"column\">\n\t\t\t<div class=\"elementor-widget-wrap elementor-element-populated\">\n\t\t\t\t\t\t<div class=\"elementor-element elementor-element-3cc6223 elementor-widget elementor-widget-timeline-widget-addon\" data-id=\"3cc6223\" data-element_type=\"widget\" data-e-type=\"widget\" data-widget_type=\"timeline-widget-addon.default\">\n\t\t\t\t<div class=\"elementor-widget-container\">\n\t\t\t\t\t<!-- ========= Timeline Widget Addon For Elementor 1.6.24 ========= -->\n<div id=\"twae-wrapper-3cc6223\" class=\"twae-vertical twae-wrapper  twae-both-sided\">   \n    <div class=\"twae-start\"><\/div>    \n    <div id=\"twea-timeline-3cc6223\" class=\"twae-timeline\" ><!-- Start of Story Repeater Content --><div id=\"story-7e35887\" class=\"twae-story twae-repeater-item twae-story-right twae-story-no-icon\"><!-- Story Label --><div class=\"twae-labels\"><div class=\"twae-label-big\">1892<\/div><div class=\"twae-label-small\">Gr\u00fcndung der Feuerwehr <\/div><\/div><!-- Story Icon --><div class=\"twae-icon\"><i aria-hidden=\"true\" class=\"far fa-flag\"><\/i><\/div><!-- Story Arrow --><div class=\"twae-arrow\"><\/div><!-- Start of Story Content --><div class=\"twae-content\"><!-- Story Title --><div class=\"twae-title\">Gr\u00fcndung der Feuerwehr <\/div><!-- Story Description --><div class=\"twae-description\"><p>Am 21. August 1892 wurde die Freiwillige Feuerwehr Rum von 23 B\u00fcrgern gegr\u00fcndet. Der erste Feuerwehrkommandant war der Wirt Ferdinand Saurwein. Die ersten Instruktionen erteilte Michael W\u00fcrtenberger aus Absam. Das Dorf besa\u00df eine einfache Spritze, die mit Feuerwehreimern bef\u00fcllt wurde. Die Eimer wurden in zwei Reihen von Hand zu Hand weitergereicht.<\/p><\/div><\/div><\/div><!-- Start of Story Repeater Content --><div id=\"story-1578cea\" class=\"twae-story twae-repeater-item twae-story-left twae-story-no-icon\"><!-- Story Label --><div class=\"twae-labels\"><div class=\"twae-label-big\">1896<\/div><div class=\"twae-label-small\">Anschaffung der ersten Tragkraftspritze <\/div><\/div><!-- Story Icon --><div class=\"twae-icon\"><i aria-hidden=\"true\" class=\"fas fa-fire\"><\/i><\/div><!-- Story Arrow --><div class=\"twae-arrow\"><\/div><!-- Start of Story Content --><div class=\"twae-content\"><!-- Story Title --><div class=\"twae-title\">Anschaffung der ersten Tragkraftspritze <\/div><!-- Story Description --><div class=\"twae-description\"><p>Am 12. Januar 1896 wurde bei der Firma Ring CZERMAK in Teplitz Sch\u00f6nau eine moderne Saugdruckspritze bestellt. Diese kam am 1. April 1896 in Rum an und wurde feierlich empfangen. Die Spritze kostete 7450 Kronen. Die Feuerwehr brachte \u00fcber 4000 Kronen selbst auf. Kaiser Franz Josef I. spendete 160 Kronen, und der Landesfeuerwehrfond sowie die Gemeinde Rum leisteten ebenfalls finanzielle Beitr\u00e4ge.<\/p><\/div><\/div><\/div><!-- Start of Story Repeater Content --><div id=\"story-4c37604\" class=\"twae-story twae-repeater-item twae-story-right twae-story-no-icon\"><!-- Story Label --><div class=\"twae-labels\"><div class=\"twae-label-big\">1922<\/div><div class=\"twae-label-small\">30-j\u00e4hriges Gr\u00fcndungsjubil\u00e4um <\/div><\/div><!-- Story Icon --><div class=\"twae-icon\"><i aria-hidden=\"true\" class=\"fas fa-fire\"><\/i><\/div><!-- Story Arrow --><div class=\"twae-arrow\"><\/div><!-- Start of Story Content --><div class=\"twae-content\"><!-- Story Title --><div class=\"twae-title\">30-j\u00e4hriges Gr\u00fcndungsjubil\u00e4um <\/div><!-- Story Description --><div class=\"twae-description\"><p>Am 3. September 1922 wurde das 30-j\u00e4hrige Gr\u00fcndungsjubil\u00e4um gefeiert. Es gab einen Fackelzug und eine Schau\u00fcbung. Feuerwehren aus der Umgebung nahmen teil, und es wurden Feuerwehrm\u00e4nner f\u00fcr ihre langj\u00e4hrige Zugeh\u00f6rigkeit ausgezeichnet.<\/p><\/div><\/div><\/div><!-- Start of Story Repeater Content --><div id=\"story-3a92815\" class=\"twae-story twae-repeater-item twae-story-left twae-story-no-icon\"><!-- Story Label --><div class=\"twae-labels\"><div class=\"twae-label-big\">1952<\/div><div class=\"twae-label-small\">60-j\u00e4hriges Gr\u00fcndungsjubil\u00e4um<\/div><\/div><!-- Story Icon --><div class=\"twae-icon\"><i aria-hidden=\"true\" class=\"fas fa-fire\"><\/i><\/div><!-- Story Arrow --><div class=\"twae-arrow\"><\/div><!-- Start of Story Content --><div class=\"twae-content\"><!-- Story Title --><div class=\"twae-title\">60-j\u00e4hriges Gr\u00fcndungsjubil\u00e4um<\/div><!-- Story Description --><div class=\"twae-description\"><p>Am 14. September 1952 wurde das 60-j\u00e4hrige Gr\u00fcndungsfest gefeiert. Verdiente Mitglieder wurden geehrt, und zahlreiche Ehreng\u00e4ste sowie Abordnungen benachbarter Feuerwehren nahmen teil.<\/p><\/div><\/div><\/div><!-- Start of Story Repeater Content --><div id=\"story-e427636\" class=\"twae-story twae-repeater-item twae-story-right twae-story-no-icon\"><!-- Story Label --><div class=\"twae-labels\"><div class=\"twae-label-big\">1982<\/div><div class=\"twae-label-small\">90-j\u00e4hriges Jubil\u00e4um und Einweihung der Drehleiter <\/div><\/div><!-- Story Icon --><div class=\"twae-icon\"><i aria-hidden=\"true\" class=\"fas fa-fire\"><\/i><\/div><!-- Story Arrow --><div class=\"twae-arrow\"><\/div><!-- Start of Story Content --><div class=\"twae-content\"><!-- Story Title --><div class=\"twae-title\">90-j\u00e4hriges Jubil\u00e4um und Einweihung der Drehleiter <\/div><!-- Story Description --><div class=\"twae-description\"><p>Am 12. September 1982 wurde das 90-j\u00e4hrige Jubil\u00e4um gefeiert und das neue Leiterfahrzeug der Firma Rosenbauer DL25 (Drehleiter 25 m) eingeweiht.<\/p><\/div><\/div><\/div><!-- Start of Story Repeater Content --><div id=\"story-eba6965\" class=\"twae-story twae-repeater-item twae-story-left twae-story-no-icon\"><!-- Story Label --><div class=\"twae-labels\"><div class=\"twae-label-big\">1984<\/div><div class=\"twae-label-small\">Einf\u00fchrung der stillen Alarmierung <\/div><\/div><!-- Story Icon --><div class=\"twae-icon\"><i aria-hidden=\"true\" class=\"fas fa-fire\"><\/i><\/div><!-- Story Arrow --><div class=\"twae-arrow\"><\/div><!-- Start of Story Content --><div class=\"twae-content\"><!-- Story Title --><div class=\"twae-title\">Einf\u00fchrung der stillen Alarmierung <\/div><!-- Story Description --><div class=\"twae-description\"><p>Im Jahr 1984 wurde die stille Alarmierung mittels Piepser eingef\u00fchrt. Es wurden 40 Piepser angeschafft.<\/p><\/div><\/div><\/div><!-- Start of Story Repeater Content --><div id=\"story-91a3d5c\" class=\"twae-story twae-repeater-item twae-story-right twae-story-no-icon\"><!-- Story Label --><div class=\"twae-labels\"><div class=\"twae-label-big\">1987<\/div><div class=\"twae-label-small\">Fahrzeugweihe von KDO und KLF<\/div><\/div><!-- Story Icon --><div class=\"twae-icon\"><i aria-hidden=\"true\" class=\"fas fa-fire\"><\/i><\/div><!-- Story Arrow --><div class=\"twae-arrow\"><\/div><!-- Start of Story Content --><div class=\"twae-content\"><!-- Story Title --><div class=\"twae-title\">Fahrzeugweihe von KDO und KLF<\/div><!-- Story Description --><div class=\"twae-description\"><p>Am 13. September 1987 fand die Fahrzeugweihe von zwei neuen Feuerwehreinsatzfahrzeugen (Kommandofahrzeug VW-Doppelkabiner und Kleinl\u00f6schfahrzeug KLF-Mercedes 310) in Neurum statt.<\/p><\/div><\/div><\/div><!-- Start of Story Repeater Content --><div id=\"story-c5e929a\" class=\"twae-story twae-repeater-item twae-story-left twae-story-no-icon\"><!-- Story Label --><div class=\"twae-labels\"><div class=\"twae-label-big\">1990<\/div><div class=\"twae-label-small\">Ideenfindung neues Feuerwehrhaus <\/div><\/div><!-- Story Icon --><div class=\"twae-icon\"><i aria-hidden=\"true\" class=\"fas fa-fire\"><\/i><\/div><!-- Story Arrow --><div class=\"twae-arrow\"><\/div><!-- Start of Story Content --><div class=\"twae-content\"><!-- Story Title --><div class=\"twae-title\">Ideenfindung neues Feuerwehrhaus <\/div><!-- Story Description --><div class=\"twae-description\"><p>Im Jahr 1990 startete der Ideenwettbewerb f\u00fcr das neue Feuerwehrger\u00e4tehaus und Mehrzweckgeb\u00e4ude St. Florian.<\/p><\/div><\/div><\/div><!-- Start of Story Repeater Content --><div id=\"story-f2e409b\" class=\"twae-story twae-repeater-item twae-story-right twae-story-no-icon\"><!-- Story Label --><div class=\"twae-labels\"><div class=\"twae-label-big\">1991<\/div><div class=\"twae-label-small\">Neue Feuerwehrfahne <\/div><\/div><!-- Story Icon --><div class=\"twae-icon\"><i aria-hidden=\"true\" class=\"fas fa-fire\"><\/i><\/div><!-- Story Arrow --><div class=\"twae-arrow\"><\/div><!-- Start of Story Content --><div class=\"twae-content\"><!-- Story Title --><div class=\"twae-title\">Neue Feuerwehrfahne <\/div><!-- Story Description --><div class=\"twae-description\"><p>Im Jahr 1991 beschloss der Ausschuss einstimmig die Anschaffung einer neuen Feuerwehrfahne. Renate Klotz \u00fcbernahm die Patenschaft f\u00fcr die neue Fahne und betonte deren Bedeutung als Symbol f\u00fcr Kameradschaft und Einsatzfreude.<\/p><\/div><\/div><\/div><\/div>\n    <div class=\"twae-end\"><\/div>\n    <\/div><style type=\"text\/css\">@media (max-width: 1024px){ .twae-wrapper{--tw-ybx-size: 80px !important;}}@media (max-width: 767px){ .twae-wrapper{--tw-ybx-size: 80px !important}}<\/style>\t\t\t\t<\/div>\n\t\t\t\t<\/div>\n\t\t\t\t\t<\/div>\n\t\t<\/div>\n\t\t\t\t\t<\/div>\n\t\t<\/section>\n\t\t\t\t<\/div>\n\t\t","protected":false},"excerpt":{"rendered":"<p>1892Gr\u00fcndung der Feuerwehr Gr\u00fcndung der Feuerwehr Am 21. August 1892 wurde die Freiwillige Feuerwehr Rum&#8230;<\/p>\n","protected":false},"author":10,"featured_media":0,"parent":0,"menu_order":0,"comment_status":"closed","ping_status":"closed","template":"","meta":{"footnotes":""},"class_list":["post-6447","page","type-page","status-publish","hentry"],"_links":{"self":[{"href":"https:\/\/www.ffrum.at\/website\/wp1\/wp-json\/wp\/v2\/pages\/6447","targetHints":{"allow":["GET"]}}],"collection":[{"href":"https:\/\/www.ffrum.at\/website\/wp1\/wp-json\/wp\/v2\/pages"}],"about":[{"href":"https:\/\/www.ffrum.at\/website\/wp1\/wp-json\/wp\/v2\/types\/page"}],"author":[{"embeddable":true,"href":"https:\/\/www.ffrum.at\/website\/wp1\/wp-json\/wp\/v2\/users\/10"}],"replies":[{"embeddable":true,"href":"https:\/\/www.ffrum.at\/website\/wp1\/wp-json\/wp\/v2\/comments?post=6447"}],"version-history":[{"count":20,"href":"https:\/\/www.ffrum.at\/website\/wp1\/wp-json\/wp\/v2\/pages\/6447\/revisions"}],"predecessor-version":[{"id":7798,"href":"https:\/\/www.ffrum.at\/website\/wp1\/wp-json\/wp\/v2\/pages\/6447\/revisions\/7798"}],"wp:attachment":[{"href":"https:\/\/www.ffrum.at\/website\/wp1\/wp-json\/wp\/v2\/media?parent=6447"}],"curies":[{"name":"wp","href":"https:\/\/api.w.org\/{rel}","templated":true}]}}