{"id":18,"date":"2017-01-20T11:41:36","date_gmt":"2017-01-20T10:41:36","guid":{"rendered":"https:\/\/www.ffrum.at\/website\/wp1\/2017\/01\/20\/fj-stellt-sich-vor\/"},"modified":"2023-12-01T19:10:38","modified_gmt":"2023-12-01T18:10:38","slug":"fj-stellt-sich-vor","status":"publish","type":"page","link":"https:\/\/www.ffrum.at\/website\/wp1\/fj-stellt-sich-vor\/","title":{"rendered":"Jugend &#8211; Wir stellen uns vor"},"content":{"rendered":"\t\t<div data-elementor-type=\"wp-page\" data-elementor-id=\"18\" class=\"elementor elementor-18\">\n\t\t\t\t\t\t<section class=\"elementor-section elementor-top-section elementor-element elementor-element-11c53f3 elementor-section-boxed elementor-section-height-default elementor-section-height-default\" data-id=\"11c53f3\" data-element_type=\"section\" data-e-type=\"section\">\n\t\t\t\t\t\t<div class=\"elementor-container elementor-column-gap-default\">\n\t\t\t\t\t<div class=\"elementor-column elementor-col-100 elementor-top-column elementor-element elementor-element-a5b9677\" data-id=\"a5b9677\" data-element_type=\"column\" data-e-type=\"column\">\n\t\t\t<div class=\"elementor-widget-wrap elementor-element-populated\">\n\t\t\t\t\t\t<div class=\"elementor-element elementor-element-a7a5e9a elementor-widget elementor-widget-text-editor\" data-id=\"a7a5e9a\" data-element_type=\"widget\" data-e-type=\"widget\" data-widget_type=\"text-editor.default\">\n\t\t\t\t<div class=\"elementor-widget-container\">\n\t\t\t\t\t\t\t\t\t<p>Die Feuerwehrjugend ist ein integrierter Bestandteil der Feuerwehr Rum. Jugendliche im Alter zwischen 11 und 15 Jahren erhalten eine ausf\u00fchrliche Vorbereitung auf den aktiven Dienst. Zur Ausbildung z\u00e4hlen nicht nur Grundlagen der Brandbek\u00e4mpfung, sondern auch technische Hilfeleistung, Ger\u00e4tekunde, Erste Hilfe, Zivilschutz und vieles mehr.<\/p>\t\t\t\t\t\t\t\t<\/div>\n\t\t\t\t<\/div>\n\t\t\t\t\t<\/div>\n\t\t<\/div>\n\t\t\t\t\t<\/div>\n\t\t<\/section>\n\t\t\t\t<section class=\"elementor-section elementor-top-section elementor-element elementor-element-b933f86 elementor-section-boxed elementor-section-height-default elementor-section-height-default\" data-id=\"b933f86\" data-element_type=\"section\" data-e-type=\"section\">\n\t\t\t\t\t\t<div class=\"elementor-container elementor-column-gap-default\">\n\t\t\t\t\t<div class=\"elementor-column elementor-col-100 elementor-top-column elementor-element elementor-element-e7f9cd4\" data-id=\"e7f9cd4\" data-element_type=\"column\" data-e-type=\"column\">\n\t\t\t<div class=\"elementor-widget-wrap elementor-element-populated\">\n\t\t\t\t\t\t<div class=\"elementor-element elementor-element-ca48078 elementor-widget elementor-widget-text-editor\" data-id=\"ca48078\" data-element_type=\"widget\" data-e-type=\"widget\" data-widget_type=\"text-editor.default\">\n\t\t\t\t<div class=\"elementor-widget-container\">\n\t\t\t\t\t\t\t\t\t<p>Besonderen Wert\u00a0 wird bei der Feuerwehrjugend auf Kameradschaft und soziale Kompetenz gelegt.\u00a0Bei Leistungsbewerben und Wissenstests werden die wettk\u00e4mpferischen F\u00e4higkeiten ausgelebt und die erworbenen Kenntnisse unter Beweis gestellt.<\/p>\t\t\t\t\t\t\t\t<\/div>\n\t\t\t\t<\/div>\n\t\t\t\t\t<\/div>\n\t\t<\/div>\n\t\t\t\t\t<\/div>\n\t\t<\/section>\n\t\t\t\t<section class=\"elementor-section elementor-top-section elementor-element elementor-element-cc4c009 elementor-section-boxed elementor-section-height-default elementor-section-height-default\" data-id=\"cc4c009\" data-element_type=\"section\" data-e-type=\"section\">\n\t\t\t\t\t\t<div class=\"elementor-container elementor-column-gap-default\">\n\t\t\t\t\t<div class=\"elementor-column elementor-col-100 elementor-top-column elementor-element elementor-element-664d2e5\" data-id=\"664d2e5\" data-element_type=\"column\" data-e-type=\"column\">\n\t\t\t<div class=\"elementor-widget-wrap elementor-element-populated\">\n\t\t\t\t\t\t<div class=\"elementor-element elementor-element-8d476b7 elementor-widget elementor-widget-text-editor\" data-id=\"8d476b7\" data-element_type=\"widget\" data-e-type=\"widget\" data-widget_type=\"text-editor.default\">\n\t\t\t\t<div class=\"elementor-widget-container\">\n\t\t\t\t\t\t\t\t\t<p>Nat\u00fcrlich d\u00fcrfen auch Spiel, Sport und Ausfl\u00fcge nicht zu kurz kommen.<\/p><p>Damit den Jugendlichen ein Teil der allt\u00e4glichen Pflichten und Aufgaben eines Feuerwehrmitgliedes n\u00e4her gebracht werden kann, wird w\u00e4hrend der Schulzeit jeden Mittwoch von 18:30 Uhr bis 20:00 Uhr flei\u00dfig ge\u00fcbt. \u00dcber Zuschauer und Interessierte freuen sich nicht nur unsere Jugendliche, sondern auch das Jugendbetreuerteam.<\/p>\t\t\t\t\t\t\t\t<\/div>\n\t\t\t\t<\/div>\n\t\t\t\t\t<\/div>\n\t\t<\/div>\n\t\t\t\t\t<\/div>\n\t\t<\/section>\n\t\t\t\t<section class=\"elementor-section elementor-top-section elementor-element elementor-element-7773d79 elementor-section-boxed elementor-section-height-default elementor-section-height-default\" data-id=\"7773d79\" data-element_type=\"section\" data-e-type=\"section\">\n\t\t\t\t\t\t<div class=\"elementor-container elementor-column-gap-default\">\n\t\t\t\t\t<div class=\"elementor-column elementor-col-100 elementor-top-column elementor-element elementor-element-61afa33\" data-id=\"61afa33\" data-element_type=\"column\" data-e-type=\"column\">\n\t\t\t<div class=\"elementor-widget-wrap elementor-element-populated\">\n\t\t\t\t\t\t<section class=\"elementor-section elementor-inner-section elementor-element elementor-element-ca777f9 elementor-section-boxed elementor-section-height-default elementor-section-height-default\" data-id=\"ca777f9\" data-element_type=\"section\" data-e-type=\"section\">\n\t\t\t\t\t\t<div class=\"elementor-container elementor-column-gap-default\">\n\t\t\t\t\t<div class=\"elementor-column elementor-col-50 elementor-inner-column elementor-element elementor-element-4cb75b7\" data-id=\"4cb75b7\" data-element_type=\"column\" data-e-type=\"column\">\n\t\t\t<div class=\"elementor-widget-wrap elementor-element-populated\">\n\t\t\t\t\t\t<div class=\"elementor-element elementor-element-69007e6 elementor-widget elementor-widget-text-editor\" data-id=\"69007e6\" data-element_type=\"widget\" data-e-type=\"widget\" data-widget_type=\"text-editor.default\">\n\t\t\t\t<div class=\"elementor-widget-container\">\n\t\t\t\t\t\t\t\t\t<p>Kontakt:<\/p><p>Freiwillige Feuerwehr Rum<br \/>Schulstra\u00dfe 22<br \/>6063 Rum<\/p>\t\t\t\t\t\t\t\t<\/div>\n\t\t\t\t<\/div>\n\t\t\t\t\t<\/div>\n\t\t<\/div>\n\t\t\t\t<div class=\"elementor-column elementor-col-50 elementor-inner-column elementor-element elementor-element-16fe8f2\" data-id=\"16fe8f2\" data-element_type=\"column\" data-e-type=\"column\">\n\t\t\t<div class=\"elementor-widget-wrap elementor-element-populated\">\n\t\t\t\t\t\t<div class=\"elementor-element elementor-element-4883a8b elementor-widget elementor-widget-text-editor\" data-id=\"4883a8b\" data-element_type=\"widget\" data-e-type=\"widget\" data-widget_type=\"text-editor.default\">\n\t\t\t\t<div class=\"elementor-widget-container\">\n\t\t\t\t\t\t\t\t\t<p><span style=\"color: var( --e-global-color-text ); font-family: var( --e-global-typography-text-font-family ), Sans-serif; font-weight: var( --e-global-typography-text-font-weight );\">Kommandant: Romed Stocker<\/span><\/p><p>E-Mail: <a href=\"mailto:presse.rum@feuerwehr.tirol\">presse.rum@feuerwehr.tirol<\/a><\/p><p>\u00a0<\/p><p>Jugendbetreuerin: Natascha Wolf<\/p><p>E-Mail: <a href=\"mailto:n.wolf@feuerwehr.tirol\">n.wolf@feuerwehr.tirol\u00a0<\/a><\/p>\t\t\t\t\t\t\t\t<\/div>\n\t\t\t\t<\/div>\n\t\t\t\t\t<\/div>\n\t\t<\/div>\n\t\t\t\t\t<\/div>\n\t\t<\/section>\n\t\t\t\t\t<\/div>\n\t\t<\/div>\n\t\t\t\t\t<\/div>\n\t\t<\/section>\n\t\t\t\t<\/div>\n\t\t","protected":false},"excerpt":{"rendered":"<p>Die Feuerwehrjugend ist ein integrierter Bestandteil der Feuerwehr Rum. Jugendliche im Alter zwischen 11 und&#8230;<\/p>\n","protected":false},"author":1,"featured_media":4867,"parent":0,"menu_order":0,"comment_status":"closed","ping_status":"open","template":"","meta":{"footnotes":""},"class_list":["post-18","page","type-page","status-publish","has-post-thumbnail","hentry"],"_links":{"self":[{"href":"https:\/\/www.ffrum.at\/website\/wp1\/wp-json\/wp\/v2\/pages\/18","targetHints":{"allow":["GET"]}}],"collection":[{"href":"https:\/\/www.ffrum.at\/website\/wp1\/wp-json\/wp\/v2\/pages"}],"about":[{"href":"https:\/\/www.ffrum.at\/website\/wp1\/wp-json\/wp\/v2\/types\/page"}],"author":[{"embeddable":true,"href":"https:\/\/www.ffrum.at\/website\/wp1\/wp-json\/wp\/v2\/users\/1"}],"replies":[{"embeddable":true,"href":"https:\/\/www.ffrum.at\/website\/wp1\/wp-json\/wp\/v2\/comments?post=18"}],"version-history":[{"count":40,"href":"https:\/\/www.ffrum.at\/website\/wp1\/wp-json\/wp\/v2\/pages\/18\/revisions"}],"predecessor-version":[{"id":5230,"href":"https:\/\/www.ffrum.at\/website\/wp1\/wp-json\/wp\/v2\/pages\/18\/revisions\/5230"}],"wp:featuredmedia":[{"embeddable":true,"href":"https:\/\/www.ffrum.at\/website\/wp1\/wp-json\/wp\/v2\/media\/4867"}],"wp:attachment":[{"href":"https:\/\/www.ffrum.at\/website\/wp1\/wp-json\/wp\/v2\/media?parent=18"}],"curies":[{"name":"wp","href":"https:\/\/api.w.org\/{rel}","templated":true}]}}